{"id":351,"date":"2020-08-26T14:53:12","date_gmt":"2020-08-26T11:53:12","guid":{"rendered":"http:\/\/rollfenmakina.com\/?post_type=product&#038;p=351"},"modified":"2025-10-02T15:40:21","modified_gmt":"2025-10-02T12:40:21","slug":"kose-profilleri-uretim-hatti","status":"publish","type":"product","link":"https:\/\/rollfenmakina.com\/urun\/kose-profilleri-uretim-hatti\/","title":{"rendered":"K\u00d6\u015eE PROF\u0130LLER\u0130 \u00dcRET\u0130M HATTI"},"content":{"rendered":"<p style=\"text-align: center;\"><a href=\"https:\/\/rollfenmakina.com\/wp-content\/uploads\/2022\/09\/Katalog_En_Tr_compressed.pdf\" target=\"_self\" class=\"button success is-outline box-shadow-3\"  style=\"border-radius:99px;\">\n    <span>\u00dcR\u00dcN KATALOG<\/span>\n  <i class=\"icon-angle-right\" aria-hidden=\"true\" ><\/i><\/a>\n\n<div class=\"row\"  id=\"row-1586611169\">\n\n\t<div id=\"col-465314894\" class=\"col medium-6 small-12 large-6\"  >\n\t\t\t\t<div class=\"col-inner\"  >\n\t\t\t\n\t\t\t\n<div class=\"video video-fit mb box-shadow-3\" style=\"padding-top:48%;\"><p><iframe loading=\"lazy\" title=\"K\u00d6\u015eE PROF\u0130LLER\u0130 \u00dcRET\u0130M HATTI\" width=\"1020\" height=\"574\" src=\"https:\/\/www.youtube.com\/embed\/owaD-_VyKLg?feature=oembed\" frameborder=\"0\" allow=\"accelerometer; autoplay; clipboard-write; encrypted-media; gyroscope; picture-in-picture\" allowfullscreen><\/iframe><\/p>\n<\/div>\n\t\t<\/div>\n\t\t\t\t\t<\/div>\n\n\t\n\n\t<div id=\"col-1053216385\" class=\"col medium-6 small-12 large-6\"  >\n\t\t\t\t<div class=\"col-inner\"  >\n\t\t\t\n\t\t\t\n<div class=\"video video-fit mb box-shadow-3\" style=\"padding-top:48%;\"><p><iframe loading=\"lazy\" title=\"New Design Rollforming Lines..\" width=\"1020\" height=\"574\" src=\"https:\/\/www.youtube.com\/embed\/BBUlG4Ykcgw?feature=oembed\" frameborder=\"0\" allow=\"accelerometer; autoplay; clipboard-write; encrypted-media; gyroscope; picture-in-picture\" allowfullscreen><\/iframe><\/p>\n<\/div>\n\t\t<\/div>\n\t\t\t\t\t<\/div>\n\n\t\n<\/div>\n<p style=\"font-weight: 400;\"><span style=\"color: #003366;\"><strong>TEKN\u0130K \u00d6ZELL\u0130KLER (STANDART HAT)<\/strong><\/span><\/p>\n<ul>\n<li><u>\u00dcretim H\u0131z\u0131<\/u>:\u00a024-35 m\/dk (Profile g\u00f6re de\u011fi\u015fkenlik g\u00f6sterir)<\/li>\n<li><u>Sac Geni\u015fli\u011fi<\/u>:\u00a0100 mm (max.)<\/li>\n<li><u>Malzeme Cinsi<\/u>:\u00a0Galvaniz<\/li>\n<li><u>Malzeme Kal\u0131nl\u0131\u011f\u0131<\/u>:\u00a00.30mm-0.50mm<\/li>\n<li><u>Uzaktan Kontrol Mod\u00fcl\u00fc<\/u><\/li>\n<\/ul>\n<p style=\"font-weight: 400;\"><span style=\"color: #003366;\"><strong>TEKN\u0130K \u00d6ZELL\u0130KLER (OPS\u0130YONEL HAT)<\/strong><\/span><\/p>\n<ul>\n<li><u>\u00dcretim H\u0131z\u0131<\/u>:\u00a024-35 m\/dk (Profile g\u00f6re de\u011fi\u015fkenlik g\u00f6sterir)<\/li>\n<li><u>Sac Geni\u015fli\u011fi<\/u>:\u00a0100 mm (max.)<\/li>\n<li><u>Malzeme<\/u>:\u00a0Galvaniz, Al\u00fcminyum ve Paslanmaz \u00c7elik<\/li>\n<li><u>Malzeme Kal\u0131nl\u0131\u011f\u0131<\/u>: 0.50mm (max)<\/li>\n<li><u>Uzaktan Kontrol Mod\u00fcl\u00fc<\/u><\/li>\n<li><u>CE sertifikas\u0131, Kafes ve \u00e7evresi \u00e7it ile korunur<\/u><\/li>\n<li><u>Ya\u011flama: Sac \u015fekillendirme esnas\u0131nda Bor ya\u011f\u0131 kullan\u0131lmas\u0131<\/u><\/li>\n<li><u>End\u00fcstri 4.0 Uyumlu PLC<\/u><\/li>\n<\/ul>\n<p style=\"font-weight: 400;\"><span style=\"color: #003366;\"><strong>\u00dcRET\u0130M HATTI ( STANDART HAT )<\/strong><\/span><\/p>\n<ul>\n<li><strong>Rulo Sac A\u00e7\u0131c\u0131<\/strong>:\n<ul>\n<li><u>Ta\u015f\u0131ma Kapasitesi:1<\/u>250 kg,<\/li>\n<li><u>Rulo D\u0131\u015f \u00c7ap\u0131<\/u>: \u00d81200mm,<\/li>\n<li><u>Tip:<\/u>75 kW<\/li>\n<li><u>Bant Geni\u015fli\u011fi<\/u>: 300mm,<\/li>\n<\/ul>\n<\/li>\n<li><strong>Sens\u00f6r Kaidesi<\/strong>:\n<ul>\n<li><u>Geni\u015flik x Uzunluk x Y\u00fckseklik:<\/u> 200x300x1550 mm,<\/li>\n<li><u>Sens\u00f6r: <\/u>Pres ve Rulo Sac A\u00e7\u0131c\u0131 aras\u0131ndaki senkronizasyonu sa\u011flar<\/li>\n<\/ul>\n<\/li>\n<li><strong>Eksantrik (Mekanik) Pres<\/strong>:\n<ul>\n<li><u>Tip<\/u>: Hava Kavramal\u0131, H tip g\u00f6vde<\/li>\n<li><u>Kapasitesi:<\/u> 35 ton,<\/li>\n<li><u>H\u0131z<\/u>: 250 vuru\u015f \/dakika,<\/li>\n<li><u>G\u00fc\u00e7:<\/u> 5 kW<\/li>\n<li><u>Strok<\/u>: 24mm,<\/li>\n<\/ul>\n<\/li>\n<\/ul>\n<ul style=\"font-weight: 400;\">\n<li><strong>Profil T\u00fcneli<\/strong>:\n<ul style=\"font-weight: 400;\">\n<li><u>Geni\u015flik x Uzunluk x Y\u00fckseklik: <\/u>300x2650x1100 mm,<\/li>\n<li><u>Sens\u00f6r: <\/u>Hem Pres ve Rulo Sac A\u00e7\u0131c\u0131 aras\u0131ndaki senkronizasyonu hem de Pres ve Rollform Makinesi aras\u0131ndaki senkronizasyonu sa\u011flar<\/li>\n<\/ul>\n<\/li>\n<\/ul>\n<ul>\n<li><strong>Rollform Makinesi<\/strong>:\n<ul>\n<li><u>\u0130stasyon Say\u0131s\u0131:<\/u> 6<\/li>\n<li><u>G\u00fc\u00e7 Aktar\u0131m\u0131: <\/u>Di\u015fli \u00e7arklar arac\u0131\u011f\u0131yla sa\u011flan\u0131r,<\/li>\n<li><u>Malzeme<\/u>: Miller ve makaralar \u00c74140, tahrik di\u015flileri \u00c78620 ve 55- 58 HRC sertlik<\/li>\n<\/ul>\n<\/li>\n<\/ul>\n<ul style=\"font-weight: 400;\">\n<li><strong>Devirme Sehpas\u0131<\/strong>:\n<ul style=\"font-weight: 400;\">\n<li><u>Uzunluk: <\/u>3 metre<\/li>\n<li><u>Tahrik Sistemi: <\/u>Pn\u00f6matik sistem ile tahrik edilir<\/li>\n<\/ul>\n<\/li>\n<li><strong>Otomasyon<\/strong>:\n<ul style=\"font-weight: 400;\">\n<li><u>Senkronizasyon<\/u>: Otomasyon sistemi rulo sac a\u00e7\u0131\u00e7\u0131, roll form makine, kesme \u00fcnitesi-u\u00e7ar makas ve devirme sehpas\u0131yla birlikte senkronize \u00e7al\u0131\u015fmas\u0131n\u0131 sa\u011flar<\/li>\n<li><u>Otomatiklik Seviyesi<\/u>: Operat\u00f6r, panel ekran\u0131ndan \u00fcretilecek profillerin miktar\u0131n\u0131 ve profil boyu girebilir, \u00fcretim h\u0131z\u0131 ayarlanabilir<\/li>\n<li><u>Teknik Detaylar<\/u>: \u00dcretim hatt\u0131 i\u00e7in 380V +\/-%10, 3 Faz, 10 KW elektrik ve 8bar, 7lt\/dak debide bas\u0131n\u00e7l\u0131 hava temini<\/li>\n<\/ul>\n<\/li>\n<\/ul>\n<p style=\"font-weight: 400;\"><span style=\"color: #003366;\"><strong>\u00dcRET\u0130M HATTI ( OPS\u0130YONEL HAT )<\/strong><\/span><\/p>\n<ul>\n<li><strong>Rulo Sac A\u00e7\u0131c\u0131<\/strong>:\n<ul>\n<li><u>Ta\u015f\u0131ma Kapasitesi:1<\/u>250 kg,<\/li>\n<li><u>Rulo D\u0131\u015f \u00c7ap\u0131<\/u>: \u00d81200mm,<\/li>\n<li><u>Tip:<\/u>75 kW<\/li>\n<li><u>Bant Geni\u015fli\u011fi<\/u>: 300mm,<\/li>\n<\/ul>\n<\/li>\n<li><strong>Sens\u00f6r Kaidesi<\/strong>:\n<ul>\n<li><u>Geni\u015flik x Uzunluk x Y\u00fckseklik:<\/u> 200x300x1550 mm,<\/li>\n<li><u>Sens\u00f6r: <\/u>Pres ve Rulo Sac A\u00e7\u0131c\u0131 aras\u0131ndaki senkronizasyonu sa\u011flar<\/li>\n<\/ul>\n<\/li>\n<li><strong>Eksantrik (Mekanik) Pres<\/strong>:\n<ul>\n<li><u>Tip<\/u>: Hava Kavramal\u0131, H tip g\u00f6vde<\/li>\n<li><u>Kapasitesi:<\/u> 35-45 Ton,<\/li>\n<li><u>H\u0131z<\/u>: 200-300 vuru\u015f \/dakika,<\/li>\n<li><u>G\u00fc\u00e7:<\/u> 5 Kw &#8211; 7.5 kW<\/li>\n<li><u>Strok<\/u>: 24mm,<\/li>\n<li><u>Kal\u0131p<\/u>: \u00d6zel Kal\u0131p Tasar\u0131mlar\u0131<\/li>\n<\/ul>\n<\/li>\n<\/ul>\n<ul style=\"font-weight: 400;\">\n<li><strong>Profil Kanal\u0131<\/strong>:\n<ul style=\"font-weight: 400;\">\n<li><u>Geni\u015flik x Uzunluk x Y\u00fckseklik: <\/u>300x2650x1100 mm,<\/li>\n<li><u>Sens\u00f6r: <\/u>Hem Pres ve Rulo Sac A\u00e7\u0131c\u0131 aras\u0131ndaki senkronizasyonu hem de Pres ve Rollform Makinesi aras\u0131ndaki senkronizasyonu sa\u011flar<\/li>\n<\/ul>\n<\/li>\n<\/ul>\n<ul>\n<li><strong>Rollform Makinesi<\/strong>:\n<ul>\n<li><u>\u0130stasyon Say\u0131s\u0131:<\/u> 6-8-10-12<\/li>\n<li><u>Tip:<\/u> Kasetli (H\u0131zl\u0131 De\u011fi\u015fim avantaj\u0131 10 dk s\u00fcrer)<\/li>\n<li><u>G\u00fc\u00e7 Aktar\u0131m\u0131: <\/u>Di\u015fli \u00e7arklar arac\u0131\u011f\u0131yla sa\u011flan\u0131r,<\/li>\n<li><u>Malzeme<\/u>: Miller ve makaralar \u00c74140, tahrik di\u015flileri \u00c78620 ve 55- 58 HRC sertlik<\/li>\n<\/ul>\n<\/li>\n<\/ul>\n<ul style=\"font-weight: 400;\">\n<li><strong>Devirme Sehpas\u0131<\/strong>:\n<ul style=\"font-weight: 400;\">\n<li><u>Uzunluk: <\/u>3 metre<\/li>\n<li><u>Tahrik Sistemi: <\/u>Pn\u00f6matik sistem ile tahrik edilir<\/li>\n<\/ul>\n<\/li>\n<li><strong>Otomasyon<\/strong>:\n<ul style=\"font-weight: 400;\">\n<li><u>Senkronizasyon<\/u>: Otomasyon sistemi rulo sac a\u00e7\u0131\u00e7\u0131, roll form makine, kesme \u00fcnitesi-u\u00e7ar makas ve devirme sehpas\u0131yla birlikte senkronize \u00e7al\u0131\u015fmas\u0131n\u0131 sa\u011flar<\/li>\n<li><u>Otomatiklik Seviyesi<\/u>: Operat\u00f6r, panel ekran\u0131ndan \u00fcretilecek profillerin miktar\u0131n\u0131 ve profil boyu girebilir, \u00fcretim h\u0131z\u0131 ayarlanabilir<\/li>\n<li><u>Teknik Detaylar<\/u>: \u00dcretim hatt\u0131 i\u00e7in 380V +\/-%10, 3 Faz, 10 KW elektrik ve 8bar, 7lt\/dak debide bas\u0131n\u00e7l\u0131 hava temini<\/li>\n<\/ul>\n<\/li>\n<\/ul>\n","protected":false},"excerpt":{"rendered":"<p style=\"font-weight: 400;\"><span style=\"color: #003366;\"><strong>GENEL \u00d6ZELL\u0130KLER<\/strong><\/span><\/p>\n<ul style=\"font-weight: 400;\">\n<li>Standart hatt\u0131m\u0131z\u0131n \u00fcretti\u011fi profiller:\u00a0<strong>Kaba S\u0131va Profili<\/strong>, <strong>Al\u00e7\u0131 Delikli K\u00f6\u015fe ve<\/strong> <strong>Mastar<\/strong> <strong>Profilleri<\/strong>\u2019dir.<\/li>\n<li>Opsiyonel hatt\u0131m\u0131z\u0131n \u00fcreti\u011fi profiller: <strong>Traversino<\/strong>, <strong>Fugal\u0131 Pervaz Profili, S\u0131va Etek Profili<\/strong> ve di\u011fer Al\u00e7\u0131-s\u0131va uygulamalar\u0131 i\u00e7in profiller.<\/li>\n<li><strong>Kaba S\u0131va Profili: <\/strong>Al\u00e7\u0131 s\u0131va uygulamalar\u0131nda k\u00f6\u015felerin dikli\u011fini sa\u011flama ve darbelere kar\u015f\u0131 dayan\u0131m\u0131 artt\u0131rmak amac\u0131yla kullan\u0131lan profillerdir.<\/li>\n<li><strong>Al\u00e7\u0131 Delikli K\u00f6\u015fe Profili: <\/strong>Al\u00e7\u0131 s\u0131va uygulamalar\u0131nda duvar k\u00f6\u015felerinde,\u00a0b\u00f6lme duvar ve asma tavan sistemlerinin k\u00f6\u015felerinde dikli\u011fini sa\u011flamak ve darbelere kar\u015f\u0131 dayan\u0131m\u0131n\u0131 art\u0131rmak amac\u0131yla kullan\u0131lan profillerdir.<\/li>\n<li><strong>Mastar Profili:<\/strong> S\u0131va i\u015flemi s\u0131ras\u0131nda duvar e\u011frilerinin giderilmesi amac\u0131yla kullan\u0131lan profildir. Duvarlar\u0131n d\u0131\u015f k\u00f6\u015felerinde, kap\u0131 ve pencere ge\u00e7i\u015flerinde k\u00f6\u015fe profilleri ile beraber kullan\u0131l\u0131rlar.<\/li>\n<li><strong>Traversino: <\/strong>Al\u00e7\u0131pan tavanlar i\u00e7in s\u0131zd\u0131rmazl\u0131k deste\u011fi olarak uygulan\u0131r.Ask\u0131 eleman\u0131n\u0131n tak\u0131laca\u011f\u0131 destek, tavan\u0131 destekleyen profilin ge\u00e7meli traversidir.<\/li>\n<\/ul>\n<ul>\n<li><strong>Fugal\u0131 Pervaz Profili: <\/strong>Asma tavan ve ta\u015fy\u00fcn\u00fc uygulamalar\u0131nda k\u00f6\u015felerin d\u00fczg\u00fcn bir \u015fekilde bitmesi ve kaliteli bir g\u00f6r\u00fcn\u00fcme kavu\u015fmas\u0131n\u0131 sa\u011flar.<\/li>\n<\/ul>\n<ul style=\"font-weight: 400;\">\n<li><strong>S\u0131va Etek Profili: <\/strong>Al\u00e7\u0131 S\u0131va ve tavan kaplamalar\u0131nda k\u00f6\u015felerde\u00a0 hem g\u00fc\u00e7lendirilmi\u015f bir kenar hem de temiz y\u00fczey b\u0131rak\u0131r.<\/li>\n<li><strong>ROLLFEN K\u00f6\u015fe Profil \u00dcretim Hatt\u0131<\/strong>\u2019ndan \u00e7\u0131kan profiller y\u00fcksek kaliteli ve sa\u011flam olur. <strong>EN 13658<\/strong>\u00a0Standard\u0131ndaki t\u00fcm performans kriterlerini kar\u015f\u0131lar.<\/li>\n<\/ul>\n","protected":false},"featured_media":1836,"comment_status":"open","ping_status":"closed","template":"","meta":[],"product_cat":[18],"product_tag":[],"_links":{"self":[{"href":"https:\/\/rollfenmakina.com\/en\/wp-json\/wp\/v2\/product\/351"}],"collection":[{"href":"https:\/\/rollfenmakina.com\/en\/wp-json\/wp\/v2\/product"}],"about":[{"href":"https:\/\/rollfenmakina.com\/en\/wp-json\/wp\/v2\/types\/product"}],"replies":[{"embeddable":true,"href":"https:\/\/rollfenmakina.com\/en\/wp-json\/wp\/v2\/comments?post=351"}],"wp:featuredmedia":[{"embeddable":true,"href":"https:\/\/rollfenmakina.com\/en\/wp-json\/wp\/v2\/media\/1836"}],"wp:attachment":[{"href":"https:\/\/rollfenmakina.com\/en\/wp-json\/wp\/v2\/media?parent=351"}],"wp:term":[{"taxonomy":"product_cat","embeddable":true,"href":"https:\/\/rollfenmakina.com\/en\/wp-json\/wp\/v2\/product_cat?post=351"},{"taxonomy":"product_tag","embeddable":true,"href":"https:\/\/rollfenmakina.com\/en\/wp-json\/wp\/v2\/product_tag?post=351"}],"curies":[{"name":"wp","href":"https:\/\/api.w.org\/{rel}","templated":true}]}}