{"id":338,"date":"2020-08-26T14:35:51","date_gmt":"2020-08-26T11:35:51","guid":{"rendered":"http:\/\/rollfenmakina.com\/?post_type=product&#038;p=338"},"modified":"2026-05-15T07:04:07","modified_gmt":"2026-05-15T04:04:07","slug":"alcipan-profilleri-uretim-hatti","status":"publish","type":"product","link":"https:\/\/rollfenmakina.com\/urun\/alcipan-profilleri-uretim-hatti\/","title":{"rendered":"AL\u00c7IPAN PROF\u0130LLER\u0130 \u00dcRET\u0130M HATTI"},"content":{"rendered":"<p style=\"text-align: center;\"><a rel=\"noopener noreferrer\" href=\"https:\/\/rollfenmakina.com\/wp-content\/uploads\/2022\/09\/Katalog_En_Tr_compressed.pdf\" target=\"_blank\" class=\"button success is-outline box-shadow-3\"  style=\"border-radius:99px;\">\n    <span>\u00dcR\u00dcN KATALOG<\/span>\n  <i class=\"icon-angle-right\" aria-hidden=\"true\" ><\/i><\/a>\n\n<div class=\"row\"  id=\"row-920286776\">\n\n\t<div id=\"col-1710704631\" class=\"col medium-6 small-12 large-6\"  >\n\t\t\t\t<div class=\"col-inner\"  >\n\t\t\t\n\t\t\t\n<div class=\"video video-fit mb box-shadow-3\" style=\"padding-top:48%;\"><p><iframe loading=\"lazy\" title=\"C Channel -Main Channel profile production line\" width=\"1020\" height=\"574\" src=\"https:\/\/www.youtube.com\/embed\/f4Zli9tnO4s?start=43&#038;feature=oembed\" frameborder=\"0\" allow=\"accelerometer; autoplay; clipboard-write; encrypted-media; gyroscope; picture-in-picture; web-share\" referrerpolicy=\"strict-origin-when-cross-origin\" allowfullscreen><\/iframe><\/p>\n<\/div>\n\t\t<\/div>\n\t\t\t\t\t<\/div>\n\n\t\n\n\t<div id=\"col-183676008\" class=\"col medium-6 small-12 large-6\"  >\n\t\t\t\t<div class=\"col-inner\"  >\n\t\t\t\n\t\t\t\n<div class=\"video video-fit mb box-shadow-3\" style=\"padding-top:48%;\"><p><iframe loading=\"lazy\" title=\"Al\u00e7\u0131pan Profilleri \u00dcretim Hatt\u0131 \/ Production line for gypsumboard profiles\" width=\"1020\" height=\"574\" src=\"https:\/\/www.youtube.com\/embed\/u6APFc4Lq4Y?feature=oembed\" frameborder=\"0\" allow=\"accelerometer; autoplay; clipboard-write; encrypted-media; gyroscope; picture-in-picture\" allowfullscreen><\/iframe><\/p>\n<\/div>\n\t\t<\/div>\n\t\t\t\t\t<\/div>\n\n\t\n<\/div>\n<div class=\"row\"  id=\"row-1006165710\">\n\n\t<div id=\"col-1397693537\" class=\"col medium-4 small-12 large-4\"  >\n\t\t\t\t<div class=\"col-inner\"  >\n\t\t\t\n\t\t\t\n<div class=\"video video-fit mb box-shadow-3\" style=\"padding-top:48%;\"><p><iframe loading=\"lazy\" title=\"AL\u00c7IPAN PROF\u0130LLER\u0130 \u00dcRET\u0130M HATTI\" width=\"1020\" height=\"574\" src=\"https:\/\/www.youtube.com\/embed\/bri1WWwUI4w?feature=oembed\" frameborder=\"0\" allow=\"accelerometer; autoplay; clipboard-write; encrypted-media; gyroscope; picture-in-picture\" allowfullscreen><\/iframe><\/p>\n<\/div>\n\t\t<\/div>\n\t\t\t\t\t<\/div>\n\n\t\n\n\t<div id=\"col-1912813602\" class=\"col medium-4 small-12 large-4\"  >\n\t\t\t\t<div class=\"col-inner\"  >\n\t\t\t\n\t\t\t\n<div class=\"video video-fit mb box-shadow-3\" style=\"padding-top:48%;\"><p><iframe loading=\"lazy\" title=\"Rollfen Makina - Al\u00e7\u0131pan Profilleri \u00dcretim Hatt\u0131\" width=\"1020\" height=\"574\" src=\"https:\/\/www.youtube.com\/embed\/GGhQUIq8sMo?feature=oembed\" frameborder=\"0\" allow=\"accelerometer; autoplay; clipboard-write; encrypted-media; gyroscope; picture-in-picture\" allowfullscreen><\/iframe><\/p>\n<\/div>\n\t\t<\/div>\n\t\t\t\t\t<\/div>\n\n\t\n\n\t<div id=\"col-1904321176\" class=\"col medium-4 small-12 large-4\"  >\n\t\t\t\t<div class=\"col-inner\"  >\n\t\t\t\n\t\t\t\n<div class=\"video video-fit mb box-shadow-3\" style=\"padding-top:48%;\"><p><iframe loading=\"lazy\" title=\"Production Line for Gypsumboard Profiles\" width=\"1020\" height=\"574\" src=\"https:\/\/www.youtube.com\/embed\/KgeAJDmjF78?feature=oembed\" frameborder=\"0\" allow=\"accelerometer; autoplay; clipboard-write; encrypted-media; gyroscope; picture-in-picture\" allowfullscreen><\/iframe><\/p>\n<\/div>\n\t\t<\/div>\n\t\t\t\t\t<\/div>\n\n\t\n<\/div>\n<p style=\"font-weight: 400;\"><span style=\"color: #003366; background-color: #ffffff;\"><strong>TEKN\u0130K \u00d6ZELL\u0130KLER (STANDART HAT)<\/strong><\/span><\/p>\n<ul>\n<li><u>\u00dcretim H\u0131z\u0131<\/u>:\u00a060 metre\/dakika (markas\u0131z profiller)<\/li>\n<li><u>\u00dcretim H\u0131z\u0131<\/u>: 30 metre\/dakika (2 markal\u0131 profiller)*<\/li>\n<li><u>Sac Geni\u015fli\u011fi<\/u>:\u00a0197 mm (max.)<\/li>\n<li><u>Malzeme Cinsi<\/u>:\u00a0Galvaniz<\/li>\n<li><u>Malzeme Kal\u0131nl\u0131\u011f\u0131<\/u>:\u00a00.30mm-0.60mm<\/li>\n<li><u>Uzaktan Kontrol Modul\u00fc<\/u><\/li>\n<\/ul>\n<p style=\"font-weight: 400;\"><span style=\"color: #003366;\"><strong>TEKN\u0130K \u00d6ZELL\u0130KLER (OPS\u0130YONEL HAT)<\/strong><\/span><\/p>\n<ul>\n<li><u>\u00dcretim H\u0131z\u0131<\/u>:\u00a060 metre\/dakika ( markas\u0131z profiller +2 markal\u0131 profiller)<\/li>\n<li><u>\u00dcretim H\u0131z\u0131<\/u>: 30 metre \/dakika ( 3 markal\u0131 Profiller)*<\/li>\n<li><u>Sac Geni\u015fli\u011fi<\/u>:\u00a0300 mm (max.)<\/li>\n<li><u>Malzeme<\/u>:\u00a0Boyal\u0131 sac, Galvaniz<\/li>\n<li><u>Malzeme Kal\u0131nl\u0131\u011f\u0131<\/u>:\u00a0max. 0.60mm (galvaniz)<\/li>\n<li><u>Uzaktan Kontrol Modul\u00fc<\/u><\/li>\n<li><u>CE sertifikas\u0131, Kafes ve \u00e7evresi \u00e7it ile korunur<\/u><\/li>\n<li><u>Ya\u011flama: Sac \u015fekillendirme esnas\u0131nda Bor ya\u011f\u0131 kullan\u0131lmas\u0131<\/u><\/li>\n<li>End\u00fcstri 4.0 Uyumlu PLC<\/li>\n<\/ul>\n<p style=\"font-weight: 400;\">* Marka say\u0131s\u0131 her artt\u0131\u011f\u0131nda \u00fcretim h\u0131z\u0131 yar\u0131ya d\u00fc\u015fer.<\/p>\n<p style=\"font-weight: 400;\"><span style=\"color: #003366;\"><strong>\u00dcRET\u0130M HATTI ( STANDART HAT )<\/strong><\/span><\/p>\n<ul>\n<li><strong>Rulo Sac A\u00e7\u0131c\u0131<\/strong>:\n<ul>\n<li><u>Ta\u015f\u0131ma Kapasitesi:<\/u>2500 kg,<\/li>\n<li><u>Rulo D\u0131\u015f \u00c7ap\u0131<\/u>: \u00d81200mm,<\/li>\n<li><u>Tip:<\/u> Motorsuz ve Frenli tiptedir.<\/li>\n<li><u>Rulo Geni\u015fli\u011fi<\/u>: 300mm,<\/li>\n<\/ul>\n<\/li>\n<\/ul>\n<ul>\n<li><strong>Rollform Makinesi<\/strong>:\n<ul>\n<li><u>\u0130stasyon Say\u0131s\u0131:<\/u> 14<\/li>\n<li><u>G\u00fc\u00e7 Aktar\u0131m\u0131: <\/u>Di\u015fli \u00e7arklar arac\u0131\u011f\u0131yla sa\u011flan\u0131r,<\/li>\n<li><u>Malzeme<\/u>: Miller ve makaralar \u00c74140, tahrik di\u015flileri \u00c78620 ve 55- 58 HRC sertlik<\/li>\n<\/ul>\n<\/li>\n<\/ul>\n<ul>\n<li><strong>Kesme \u00dcnitesi \u2013 U\u00e7ar Makas<\/strong>:\n<ul>\n<li><u>Hassasiyet: <\/u>+\/- 3mm<\/li>\n<li><u>Tahrik Sistemi: <\/u>Hidrolik sistem ile tahrik edilir<\/li>\n<li><u>Malzeme<\/u>: Kesme kal\u0131plar\u0131 \u00c72379 so\u011fuk i\u015f tak\u0131m \u00e7eli\u011fi<\/li>\n<li><u>Sens\u00f6r<\/u>: Kay\u0131plar\u0131 \u00f6nleyici \u00f6l\u00e7me-durdurma sens\u00f6r\u00fc ilave edilmi\u015ftir<\/li>\n<\/ul>\n<\/li>\n<\/ul>\n<ul>\n<li><strong>Devirme Sehpas\u0131<\/strong>:\n<ul>\n<li><u>Uzunluk: <\/u>3 metre<\/li>\n<li><u>Tahrik Sistemi: <\/u>Pn\u00f6matik sistem ile tahrik edilir<\/li>\n<\/ul>\n<\/li>\n<li><strong>Otomasyon<\/strong>:\n<ul>\n<li><u>Senkronizasyon<\/u>: Otomasyon sistemi rulo sac a\u00e7\u0131c\u0131, roll form makine, kesme \u00fcnitesi-u\u00e7ar makas ve devirme sehpas\u0131yla birlikte senkronize \u00e7al\u0131\u015fmas\u0131n\u0131 sa\u011flar<\/li>\n<li><u>Otomatiklik Seviyesi<\/u>: Operat\u00f6r, panel ekran\u0131ndan \u00fcretilecek profillerin miktar\u0131n\u0131 ve profil boyu girebilir, \u00fcretim h\u0131z\u0131 ayarlanabilir<\/li>\n<li><u>Teknik Detaylar<\/u>: \u00dcretim hatt\u0131 i\u00e7in 380V +\/-%10, 3 Faz, 10 KW elektrik ve 8bar, 7lt\/dak debide bas\u0131n\u00e7l\u0131 hava temini<\/li>\n<\/ul>\n<\/li>\n<\/ul>\n<p><strong><span style=\"color: #003366; font-size: 14.4px;\">\u00dcRET\u0130M HATTI ( OPS\u0130YONEL HAT )<\/span><\/strong><\/p>\n<ul>\n<li><strong>Rulo Sac A\u00e7\u0131c\u0131<\/strong>:\n<ul>\n<li><u>Ta\u015f\u0131ma Kapasitesi:<\/u>8000 kg,<\/li>\n<li><u>Rulo D\u0131\u015f \u00c7ap\u0131<\/u>: \u00d81600mm,<\/li>\n<li><u>Tip<\/u>: Motorsuz ve Frenlidir<\/li>\n<li><u>Rulo Geni\u015fli\u011fi<\/u>: 300mm,<\/li>\n<\/ul>\n<\/li>\n<\/ul>\n<ul>\n<li><strong>Rollform Makinesi<\/strong>:\n<ul>\n<li><u>\u0130stasyon Say\u0131s\u0131:<\/u> 6-8-12-16-18<\/li>\n<li><u>Tip:<\/u> Kasetli (H\u0131zl\u0131 De\u011fi\u015fim avantaj\u0131 10 dk s\u00fcrer)<\/li>\n<li><u>Malzeme<\/u>: Miller ve makaralar \u00c74140, tahrik di\u015flileri \u00c78620 ve 55- 58 HRC sertlik<\/li>\n<li><u>G\u00fc\u00e7 Aktar\u0131m\u0131<\/u>:. Di\u015fli \u00e7arklar arac\u0131\u011f\u0131yla sa\u011flan\u0131r<\/li>\n<\/ul>\n<\/li>\n<\/ul>\n<ul>\n<li><strong>Kesme \u00dcnitesi \u2013 U\u00e7ar Makas<\/strong>:\n<ul>\n<li><u>Hassasiyet: <\/u>+\/- 3 mm<\/li>\n<li><u>Tahrik Sistemi: <\/u>Servo motor ile tahrik edilir<\/li>\n<li><u>Malzeme<\/u>: Kesme kal\u0131plar\u0131 \u00c72379 so\u011fuk i\u015f tak\u0131m \u00e7eli\u011fi<\/li>\n<li><u>Sens\u00f6r<\/u>: Kay\u0131plar\u0131 \u00f6nleyici \u00f6l\u00e7me-durdurma sens\u00f6r\u00fc ilave edilmi\u015ftir<\/li>\n<\/ul>\n<\/li>\n<\/ul>\n<ul>\n<li><strong>Devirme Sehpas\u0131<\/strong>:\n<ul>\n<li><u>Uzunluk: <\/u>3 metre<\/li>\n<li><u>T\u00fcr:<\/u> \u00a0Y\u00fcksek h\u0131zl\u0131 profil \u00fcretimi i\u00e7in \u00f6zg\u00fcn tasar\u0131m<\/li>\n<li><u>Tahrik Sistemi:<\/u> Pn\u00f6matik Sistem ile tahrik edilir<\/li>\n<\/ul>\n<\/li>\n<\/ul>\n<ul>\n<li><strong>Otomasyon<\/strong>:\n<ul>\n<li><u>Senkronizasyon<\/u>: Otomasyon sistemi rulo sac a\u00e7\u0131\u00e7\u0131, <span style=\"color: #555555; font-size: 14.4px;\">roll form makine, kesme \u00fcnitesi-u\u00e7ar makas ve devirme sehpas\u0131yla birlikte senkronize \u00e7al\u0131\u015fmas\u0131n\u0131 sa\u011flar<\/span><\/li>\n<li><u>Otomatiklik Seviyesi<\/u>: Operat\u00f6r, panel ekran\u0131ndan \u00fcretilecek profillerin miktar\u0131n\u0131 ve profil boyu girebilir, \u00fcretim h\u0131z\u0131 ayarlanabilir<\/li>\n<li><u>Teknik Detaylar<\/u>: \u00dcretim hatt\u0131 i\u00e7in 380V +\/-%10, 3 Faz, 10 KW elektrik ve 8bar, 7lt\/dak debide bas\u0131n\u00e7l\u0131 hava temini<\/li>\n<\/ul>\n<\/li>\n<\/ul>\n<ul>\n<li style=\"list-style-type: none;\">\n<ul>\n<li style=\"list-style-type: none;\">\n<ul>\n<li style=\"list-style-type: none;\">\n<ul>\n<li style=\"list-style-type: none;\">\n<ul>\n<li style=\"list-style-type: none;\"><\/li>\n<\/ul>\n<\/li>\n<\/ul>\n<\/li>\n<\/ul>\n<\/li>\n<\/ul>\n<\/li>\n<\/ul>\n","protected":false},"excerpt":{"rendered":"<p><strong style=\"color: #113980 !important;\">GENEL \u00d6ZELL\u0130KLER<\/strong><\/p>\n<ul>\n<li>Standart hatt\u0131m\u0131z\u0131n \u00fcretti\u011fi profiller:\u00a0<strong>Tavan U (UD)<\/strong>, <strong>Tavan C (CD),<\/strong> <strong>Duvar U (UW),<\/strong> <strong>Duvar C (CW)<\/strong>, Profileri\u2019dir.<\/li>\n<li>Opsiyonel hatt\u0131m\u0131z\u0131n \u00fcreti\u011fi profiller: <strong>Omega<\/strong>, <strong>Fourrure<\/strong>, ve di\u011fer Al\u00e7\u0131 plaka uygulamalar\u0131 i\u00e7in profiller.<\/li>\n<li><strong>Tavan U (UD)<\/strong>: B\u00f6lme duvar, giydirme duvar ve asma tavan sistemlerinin yap\u0131m\u0131nda kullan\u0131lan galvanizli \u00e7elik sac profilleridir.<\/li>\n<li><strong>Tavan C (CD)<\/strong>: Asma tavan uygulamalar\u0131nda, ta\u015f\u0131y\u0131c\u0131 profil iskeletin kurulmas\u0131nda kullan\u0131l\u0131r. Kurulan iskeletin duvar ile ba\u011flant\u0131s\u0131n\u0131n oldu\u011fu noktada Tavan U Profili ile birlikte kullan\u0131l\u0131r.<\/li>\n<li><strong>Duvar U (UW)<\/strong>: Al\u00e7\u0131 levha b\u00f6lme duvar yap\u0131m\u0131nda kurulan metal konstr\u00fcksiyonda ta\u015f\u0131y\u0131c\u0131 g\u00f6revi g\u00f6ren CD profillerinin ve b\u00f6lme duvar\u0131n terazide durmas\u0131n\u0131 sa\u011flayan galvanizli \u00e7eliklerden \u00fcretilen profillerdir.<\/li>\n<li><strong>Duvar C (CW): <\/strong>B\u00f6lme duvar uygulamalar\u0131nda, giydirme duvar uygulamalar\u0131nda ve \u015faft duvar\u0131 uygulamalar\u0131nda, metal ta\u015f\u0131y\u0131c\u0131 iskeleti olarak Duvar U profillerinin i\u00e7ine\u00a0ge\u00e7irilerek uygulan\u0131r.<\/li>\n<li><strong>Omega Profili:<\/strong> \u0130ki CD profilini birbirine sabitleyerek sistemin b\u00fct\u00fcn halinde \u00e7al\u0131\u015fmas\u0131n\u0131 sa\u011flayan galvaniz kapl\u0131 profildir.<\/li>\n<li><strong>Fourrure Profili: <\/strong>B\u00f6lmelere kar\u015f\u0131 dikey \u00e7er\u00e7eve olu\u015fturmak veya al\u00e7\u0131 panelde tavan montaj\u0131 i\u00e7in kullan\u0131lan galvanizli \u00e7elik sac profilidir.<\/li>\n<li><strong>ROLLFEN Al\u00e7\u0131pan Profil \u00dcretim Hatt\u0131<\/strong>\u2019ndan \u00e7\u0131kan profiller y\u00fcksek kaliteli ve sa\u011flam olur. <strong>EN 14195<\/strong>Standard\u0131ndaki t\u00fcm performans kriterlerini kar\u015f\u0131lar.<\/li>\n<\/ul>\n","protected":false},"featured_media":1795,"comment_status":"open","ping_status":"closed","template":"","meta":[],"product_cat":[17],"product_tag":[],"_links":{"self":[{"href":"https:\/\/rollfenmakina.com\/en\/wp-json\/wp\/v2\/product\/338"}],"collection":[{"href":"https:\/\/rollfenmakina.com\/en\/wp-json\/wp\/v2\/product"}],"about":[{"href":"https:\/\/rollfenmakina.com\/en\/wp-json\/wp\/v2\/types\/product"}],"replies":[{"embeddable":true,"href":"https:\/\/rollfenmakina.com\/en\/wp-json\/wp\/v2\/comments?post=338"}],"wp:featuredmedia":[{"embeddable":true,"href":"https:\/\/rollfenmakina.com\/en\/wp-json\/wp\/v2\/media\/1795"}],"wp:attachment":[{"href":"https:\/\/rollfenmakina.com\/en\/wp-json\/wp\/v2\/media?parent=338"}],"wp:term":[{"taxonomy":"product_cat","embeddable":true,"href":"https:\/\/rollfenmakina.com\/en\/wp-json\/wp\/v2\/product_cat?post=338"},{"taxonomy":"product_tag","embeddable":true,"href":"https:\/\/rollfenmakina.com\/en\/wp-json\/wp\/v2\/product_tag?post=338"}],"curies":[{"name":"wp","href":"https:\/\/api.w.org\/{rel}","templated":true}]}}