{"id":1949,"date":"2024-05-20T17:05:23","date_gmt":"2024-05-20T14:05:23","guid":{"rendered":"https:\/\/rollfenmakina.com\/?post_type=product&#038;p=1949"},"modified":"2024-06-28T17:18:27","modified_gmt":"2024-06-28T14:18:27","slug":"production-line-for-cable-lug","status":"publish","type":"product","link":"https:\/\/rollfenmakina.com\/en\/urun\/production-line-for-cable-lug\/","title":{"rendered":"PRODUCTION LINE FOR CABLE LUG"},"content":{"rendered":"<a rel=\"noopener noreferrer\" href=\"https:\/\/rollfenmakina.com\/wp-content\/uploads\/2022\/09\/Katalog_En_Tr_compressed.pdf\" target=\"_blank\" class=\"button success is-outline box-shadow-3\"  style=\"border-radius:98px;\">\n    <span>Catalog<\/span>\n  <i class=\"icon-angle-right\" aria-hidden=\"true\" ><\/i><\/a>\n\n<div class=\"row\"  id=\"row-1575766857\">\n\n\t<div id=\"col-1557098940\" class=\"col medium-6 small-12 large-6\"  >\n\t\t\t\t<div class=\"col-inner\"  >\n\t\t\t\n\t\t\t\n<div class=\"video video-fit mb box-shadow-3\" style=\"padding-top:48%;\"><p><iframe loading=\"lazy\" title=\"Al\u00e7\u0131pan Profilleri \u00dcretim Hatt\u0131 \/ Production line for gypsumboard profiles\" width=\"1020\" height=\"574\" src=\"https:\/\/www.youtube.com\/embed\/u6APFc4Lq4Y?feature=oembed\" frameborder=\"0\" allow=\"accelerometer; autoplay; clipboard-write; encrypted-media; gyroscope; picture-in-picture\" allowfullscreen><\/iframe><\/p>\n<\/div>\n\t\t<\/div>\n\t\t\t\t\t<\/div>\n\n\t\n\n\t<div id=\"col-1817822252\" class=\"col medium-6 small-12 large-6\"  >\n\t\t\t\t<div class=\"col-inner\"  >\n\t\t\t\n\t\t\t\n<div class=\"video video-fit mb box-shadow-3\" style=\"padding-top:48%;\"><p><iframe loading=\"lazy\" title=\"PRODUCTION LINE FOR GYPSUMBOARD PROFILES\" width=\"1020\" height=\"574\" src=\"https:\/\/www.youtube.com\/embed\/GE-sF68lX74?feature=oembed\" frameborder=\"0\" allow=\"accelerometer; autoplay; clipboard-write; encrypted-media; gyroscope; picture-in-picture\" allowfullscreen><\/iframe><\/p>\n<\/div>\n\t\t<\/div>\n\t\t\t\t\t<\/div>\n\n\t\n<\/div>\n<div class=\"row\"  id=\"row-555050388\">\n\n\t<div id=\"col-39504693\" class=\"col medium-6 small-12 large-6\"  >\n\t\t\t\t<div class=\"col-inner\"  >\n\t\t\t\n\t\t\t\n<div class=\"video video-fit mb box-shadow-3\" style=\"padding-top:48%;\"><p><iframe loading=\"lazy\" title=\"Production Line for Gypsumboard Profiles - Rollfen Makina\" width=\"1020\" height=\"574\" src=\"https:\/\/www.youtube.com\/embed\/Hp8yag1CkF4?feature=oembed\" frameborder=\"0\" allow=\"accelerometer; autoplay; clipboard-write; encrypted-media; gyroscope; picture-in-picture\" allowfullscreen><\/iframe><\/p>\n<\/div>\n\t\t<\/div>\n\t\t\t\t\t<\/div>\n\n\t\n\n\t<div id=\"col-1474637532\" class=\"col medium-6 small-12 large-6\"  >\n\t\t\t\t<div class=\"col-inner\"  >\n\t\t\t\n\t\t\t\n<div class=\"video video-fit mb box-shadow-3\" style=\"padding-top:48%;\"><p><iframe loading=\"lazy\" title=\"New Design &quot;Production Line for Gypsumboar Profiles&quot; is coming soon...\" width=\"1020\" height=\"574\" src=\"https:\/\/www.youtube.com\/embed\/onAlUvvb8-g?feature=oembed\" frameborder=\"0\" allow=\"accelerometer; autoplay; clipboard-write; encrypted-media; gyroscope; picture-in-picture\" allowfullscreen><\/iframe><\/p>\n<\/div>\n\t\t<\/div>\n\t\t\t\t\t<\/div>\n\n\t\n<\/div>\n<p><strong>GENERAL FEATURES<\/strong><\/p>\n<ul>\n<li><strong>Cable lugs <\/strong>are devices used for connecting cables to electrical appliances, other cables, surfaces, or mechanisms. One end of a cable lug is typically used for connecting a cable, which could be soldered, welded, or crimped depending on the type. A cable lug is sometimes called a &#8220;cable connector<\/li>\n<li>The connection end of the lug is then fastened to a matching terminal or connection point by means of a bolt, screw, or spring clip.<\/li>\n<li>Cable lug range of cross section is from 6 mm\u00b2 up to 1000 mm\u00b2, bolt sizes range from 5 mm up to 20 mm.<\/li>\n<li>Electrolytic copper according to EN 13600 is mandatory. For corrosion protection, compression cable lugs \u2013 standard tubular cable lugs and terminals \u2013 are tin plated.<\/li>\n<li>The production line designed and produced by ROLLFEN outputs rigid, standard and high quality profiles conforming to European \u2013International standards.<\/li>\n<\/ul>\n<p><strong>APPLICATIONS<\/strong><\/p>\n<ul>\n<li><strong>Electricity Boards<\/strong>: Generation, Distribution<\/li>\n<li><strong>Electrical Industries<\/strong>: Control panels, Switch gears, Transformers, Circuit breakers<\/li>\n<li><strong>Projects &amp; Industrial for Electrical applications<\/strong>: Shipping, Automobile, Steel &amp; Fertilizers, Chemical, Cement and Textile, Chemical Electronics, Mining Aeronautics, Satellite and Communications<\/li>\n<\/ul>\n<p><strong>STANDARD FEATURES<\/strong><\/p>\n<ul>\n<li><strong>Product<\/strong>: Cable lug with the cross-section range from 6mm2 to 1.000 mm2\u00a0 ( such as 6-10-16-25-35-50-70-95-120-185-249-300 mm2<\/li>\n<li><strong>Production speed<\/strong>: 5-6 pieces\/min.<\/li>\n<li><strong>Raw Material<\/strong>: Tubes from electrolytic copper \/Aluminum<\/li>\n<li>MACHINERY ON THE LINE<\/li>\n<li><strong>Production flow:<\/strong>Feeding the copper tubes-Length Cutting \u2013Forming-Peripheral cutting and Punching Hole-Work-out.<\/li>\n<li><strong>Tube feeding system<\/strong>:It feeds the copper\/aluminum tubes for the conductor size from 16 mm2\u00a0to 300 mm2. Motorized gear box 009kW chain drive system. Overall length 2510mm x width 575mm x height1075mm.<\/li>\n<li><strong>Length Cutting:<\/strong>It has two adjustable vices with pneumatic drive system. Circular saw at 180mm outside diameter, 3000 rpm, and 1,5kW has pneumatic drive mechanism. The cutting\u00a0<strong>length is adjustable<\/strong>.<\/li>\n<li><strong>ROTARY TABLE:<\/strong>It has 4 stations and 600 mm outside diameter. Drive mechanism is motorized gear system<strong>.<\/strong><\/li>\n<li><strong>Workpiece Holding:\u00a0<\/strong>After length cutting\u00a0<strong>STATION<\/strong>workpiece holder (pneumatic gripper)<\/li>\n<li><strong>Forming<\/strong>:\u00a0<strong>Station &#8211; II.<\/strong>forming by hydraulic press at 60 t.<\/li>\n<li><strong>Punching and edge cutting &#8211;\u00a0III. Station:\u00a0\u00a0<\/strong>Punching of hole for bolt assembly and edge cutting by hydraulic with hydraulic press at 60 t capacity.<\/li>\n<li><strong>Unloading unit \u2013IV. Station<\/strong>: Pneumatic Unloading Unit with one vertical &amp; one horizontal pneumatic piston for finished product<strong>.<\/strong><\/li>\n<li>The overall dimension: length 5.000mm x width 2.000 mm x height 1.800mm<\/li>\n<li>The loading of copper\/aluminum tube to the prior feeding unit is manual. Then the handling from prior tube feeding unit to unloading unit is all automatic.<\/li>\n<li><strong>AUTOMATION<\/strong>: PLC and electrical components; Siemens \/ Reputable brands<\/li>\n<li>Working medium Temperature:\u00a0 40 degree (max)<\/li>\n<li><strong>ELECTRICAL SUPPLY<\/strong>: 380 V, 15kW, 3Phase AC<\/li>\n<li><strong style=\"color: #555555;\">TOOLING-<\/strong><span style=\"color: #555555;\">Fixtures for holding workpiece, forming, punching, edge cutting die sets for cable lug up to 300 mm2\u00a0\u00a0\u00a0 cross-sections.<\/span><\/li>\n<\/ul>\n","protected":false},"excerpt":{"rendered":"<p><strong>GENERAL FEATURES<\/strong><\/p>\n<ul>\n<li><strong>Cable lugs <\/strong>are devices used for connecting cables to electrical appliances, other cables, surfaces, or mechanisms. One end of a cable lug is typically used for connecting a cable, which could be soldered, welded, or crimped depending on the type. A cable lug is sometimes called a &#8220;cable connector<\/li>\n<li>The connection end of the lug is then fastened to a matching terminal or connection point by means of a bolt, screw, or spring clip.<\/li>\n<li>Cable lug range of cross section is from 6 mm\u00b2 up to 1000 mm\u00b2, bolt sizes range from 5 mm up to 20 mm.<\/li>\n<li>Electrolytic copper according to EN 13600 is mandatory. For corrosion protection, compression cable lugs \u2013 standard tubular cable lugs and terminals \u2013 are tin plated.<\/li>\n<li>The production line designed and produced by ROLLFEN outputs rigid, standard and high quality profiles conforming to European \u2013International standards.<\/li>\n<\/ul>\n","protected":false},"featured_media":1952,"comment_status":"open","ping_status":"closed","template":"","meta":[],"product_cat":[31],"product_tag":[],"_links":{"self":[{"href":"https:\/\/rollfenmakina.com\/en\/wp-json\/wp\/v2\/product\/1949"}],"collection":[{"href":"https:\/\/rollfenmakina.com\/en\/wp-json\/wp\/v2\/product"}],"about":[{"href":"https:\/\/rollfenmakina.com\/en\/wp-json\/wp\/v2\/types\/product"}],"replies":[{"embeddable":true,"href":"https:\/\/rollfenmakina.com\/en\/wp-json\/wp\/v2\/comments?post=1949"}],"wp:featuredmedia":[{"embeddable":true,"href":"https:\/\/rollfenmakina.com\/en\/wp-json\/wp\/v2\/media\/1952"}],"wp:attachment":[{"href":"https:\/\/rollfenmakina.com\/en\/wp-json\/wp\/v2\/media?parent=1949"}],"wp:term":[{"taxonomy":"product_cat","embeddable":true,"href":"https:\/\/rollfenmakina.com\/en\/wp-json\/wp\/v2\/product_cat?post=1949"},{"taxonomy":"product_tag","embeddable":true,"href":"https:\/\/rollfenmakina.com\/en\/wp-json\/wp\/v2\/product_tag?post=1949"}],"curies":[{"name":"wp","href":"https:\/\/api.w.org\/{rel}","templated":true}]}}