{"id":1948,"date":"2024-05-20T17:05:23","date_gmt":"2024-05-20T14:05:23","guid":{"rendered":"https:\/\/rollfenmakina.com\/?post_type=product&#038;p=1948"},"modified":"2025-11-08T12:21:25","modified_gmt":"2025-11-08T09:21:25","slug":"kablo-papucu-uretim-hatti","status":"publish","type":"product","link":"https:\/\/rollfenmakina.com\/urun\/kablo-papucu-uretim-hatti\/","title":{"rendered":"KABLO PAPUCU \u00dcRET\u0130M HATTI"},"content":{"rendered":"<p style=\"text-align: center;\"><a rel=\"noopener noreferrer\" href=\"https:\/\/rollfenmakina.com\/wp-content\/uploads\/2022\/09\/Katalog_En_Tr_compressed.pdf\" target=\"_blank\" class=\"button success is-outline box-shadow-3\"  style=\"border-radius:99px;\">\n    <span>\u00dcR\u00dcN KATALOG<\/span>\n  <i class=\"icon-angle-right\" aria-hidden=\"true\" ><\/i><\/a>\n\n<div class=\"row\"  id=\"row-1444563846\">\n\n\t<div id=\"col-985208524\" class=\"col medium-6 small-12 large-6\"  >\n\t\t\t\t<div class=\"col-inner\"  >\n\t\t\t\n\t\t\t\n<div class=\"video video-fit mb box-shadow-3\" style=\"padding-top:48%;\"><p><iframe loading=\"lazy\" title=\"Al\u00e7\u0131pan Profilleri \u00dcretim Hatt\u0131 \/ Production line for gypsumboard profiles\" width=\"1020\" height=\"574\" src=\"https:\/\/www.youtube.com\/embed\/u6APFc4Lq4Y?feature=oembed\" frameborder=\"0\" allow=\"accelerometer; autoplay; clipboard-write; encrypted-media; gyroscope; picture-in-picture\" allowfullscreen><\/iframe><\/p>\n<\/div>\n\t\t<\/div>\n\t\t\t\t\t<\/div>\n\n\t\n\n\t<div id=\"col-745773093\" class=\"col medium-6 small-12 large-6\"  >\n\t\t\t\t<div class=\"col-inner\"  >\n\t\t\t\n\t\t\t\n<div class=\"video video-fit mb box-shadow-3\" style=\"padding-top:48%;\"><p><iframe loading=\"lazy\" title=\"AL\u00c7IPAN PROF\u0130LLER\u0130 \u00dcRET\u0130M HATTI\" width=\"1020\" height=\"574\" src=\"https:\/\/www.youtube.com\/embed\/bri1WWwUI4w?feature=oembed\" frameborder=\"0\" allow=\"accelerometer; autoplay; clipboard-write; encrypted-media; gyroscope; picture-in-picture\" allowfullscreen><\/iframe><\/p>\n<\/div>\n\t\t<\/div>\n\t\t\t\t\t<\/div>\n\n\t\n<\/div>\n<div class=\"row\"  id=\"row-419735450\">\n\n\t<div id=\"col-1048601750\" class=\"col medium-6 small-12 large-6\"  >\n\t\t\t\t<div class=\"col-inner\"  >\n\t\t\t\n\t\t\t\n<div class=\"video video-fit mb box-shadow-3\" style=\"padding-top:48%;\"><p><iframe loading=\"lazy\" title=\"Rollfen Makina - Al\u00e7\u0131pan Profilleri \u00dcretim Hatt\u0131\" width=\"1020\" height=\"574\" src=\"https:\/\/www.youtube.com\/embed\/GGhQUIq8sMo?feature=oembed\" frameborder=\"0\" allow=\"accelerometer; autoplay; clipboard-write; encrypted-media; gyroscope; picture-in-picture\" allowfullscreen><\/iframe><\/p>\n<\/div>\n\t\t<\/div>\n\t\t\t\t\t<\/div>\n\n\t\n\n\t<div id=\"col-1771675677\" class=\"col medium-6 small-12 large-6\"  >\n\t\t\t\t<div class=\"col-inner\"  >\n\t\t\t\n\t\t\t\n<div class=\"video video-fit mb box-shadow-3\" style=\"padding-top:48%;\"><p><iframe loading=\"lazy\" title=\"Production Line for Gypsumboard Profiles\" width=\"1020\" height=\"574\" src=\"https:\/\/www.youtube.com\/embed\/KgeAJDmjF78?feature=oembed\" frameborder=\"0\" allow=\"accelerometer; autoplay; clipboard-write; encrypted-media; gyroscope; picture-in-picture\" allowfullscreen><\/iframe><\/p>\n<\/div>\n\t\t<\/div>\n\t\t\t\t\t<\/div>\n\n\t\n<\/div>\n<p><strong>GENEL \u00d6ZELL\u0130KLER<\/strong><\/p>\n<ul>\n<li>Elektrik kablo pabu\u00e7lar\u0131 ( konekt\u00f6r) bir elektrik kablo aksesuar\u0131 olup bir\u00e7ok elektrikli uygulamalarda do\u011frudan ve g\u00fcvenli ba\u011flant\u0131 yap\u0131lmas\u0131n\u0131 sa\u011flar.<\/li>\n<li>Ayn\u0131 zamanda bak\u0131m, tamirat, montaj ve demontaj i\u015flemlerinde kolayl\u0131k sa\u011flamak amac\u0131yla tasarlanm\u0131\u015f kablo aksesuarlar\u0131d\u0131r.<\/li>\n<li>Kablo pabu\u00e7lar\u0131 standartlar\u0131 ba\u015fta DIN normlar\u0131nda olmak \u00fczere uluslararas\u0131 standartlarda tan\u0131mlanm\u0131\u015ft\u0131r.<\/li>\n<li>En yayg\u0131n \u00f6rne\u011fi; motorlu ara\u00e7lar\u0131n elektriksel aksamlar\u0131n\u0131 beslemek i\u00e7in kullan\u0131lan ak\u00fc ba\u011flant\u0131 uygulamalar\u0131d\u0131r.<\/li>\n<li>Kablo pabu\u00e7lar\u0131 elektrolitik saf bak\u0131r ve al\u00fcminyum malzemeden yap\u0131l\u0131r. Bu malzemelerin kablo pabucu i\u00e7in gerekli iletkenlik de\u011ferleri uluslararas\u0131 standartlarda tan\u0131mlanm\u0131\u015ft\u0131r.<\/li>\n<li>ROLLFEN taraf\u0131ndan tasar\u0131m\u0131 ve \u00fcretimi yap\u0131lan elektrik kablo pabucu makinas\u0131 m\u00fc\u015fteri resim\/numune ve teknik \u015fartnamelerine g\u00f6re yap\u0131l\u0131r.<\/li>\n<\/ul>\n<p>&nbsp;<\/p>\n<p><strong>UYGULAMALAR<\/strong><\/p>\n<ul>\n<li>S\u0131kmal\u0131 kablo papu\u00e7lar\u0131<\/li>\n<li>Boru \u015feklindeki kablo papu\u00e7lar\u0131<\/li>\n<li>STANDART \u00d6ZELL\u0130KLER<\/li>\n<li>\u00dcretim h\u0131z\u0131: 5 &#8211; 6 par\u00e7a \/ dakika<\/li>\n<li>Ham malzeme: elektrolitik saf bak\u0131r boru\u00a0 \/al\u00fcminyum boru<\/li>\n<li>Ham malzeme kal\u0131nl\u0131\u011f\u0131: Pabu\u00e7 kesitlerine g\u00f6re de\u011fi\u015fken<\/li>\n<li>Ham malzeme boylar\u0131: 2metre\/3 metre<\/li>\n<li>\u00dcr\u00fcnler: Kablo kesit aral\u0131\u011f\u0131 6mm2\u00a0&#8211; 10mm2\u00a0&#8211; 16mm2\u00a0&#8211; 25mm2\u00a0&#8211; 35mm2\u00a0&#8211; 50mm2\u00a0&#8211; 70mm2\u00a0&#8211; 95mm2\u00a0&#8211; 120mm2\u00a0&#8211; 150mm2\u00a0&#8211; 185mm2\u00a0&#8211; 300mm2<\/li>\n<\/ul>\n<p>&nbsp;<\/p>\n<p><strong>\u00dcRET\u0130M HATTI \u2013 MAK\u0130NELER<\/strong><\/p>\n<ul>\n<li>Boru besleme sistemi: Kablo\u00a0pabu\u00e7 modeline g\u00f6re farkl\u0131 \u00e7aptaki bak\u0131r \/al\u00fcminyum borular\u0131n boy kesme testeresine beslenmesini sa\u011flar. Motor red\u00fckt\u00f6rl\u00fc<\/li>\n<li>Boy kesme \u00dcnitesi ( Daire testere) :180mm d\u0131\u015f \u00e7apta \u00a0dairesel testere ile kablo pabucu modeli i\u00e7in gerekli boyda borular otomatik kesilir. Kesme boyu ayarlanabilir \u00f6zelliktedir.<\/li>\n<li>D\u00f6ner tabla: Boyu kesilmi\u015f Bak\u0131r\/Al\u00fcminyum borular\u0131n form, delik delme ve bo\u015faltma istasyonlar\u0131n\u0131n bulundu\u011fu motor \u2013di\u015fli tahrikli dairesel tablad\u0131r.<\/li>\n<li>\u0130stasyon-1: Boy\u00a0kesilmi\u015f boru tutucu istasyonudur.<\/li>\n<li>\u0130stasyon-2:\u00a0Boruya istenen formun verildi\u011fi istasyondur. \u0130stasyonda 60 ton kapasiteli hidrolik pres ve form kal\u0131b\u0131 bulunmaktad\u0131r.<\/li>\n<li>\u0130stasyon-3: Form verilmi\u015f borunun delik delme ve \u00e7evre kesme operasyonlar\u0131n\u0131n yap\u0131ld\u0131\u011f\u0131 istasyondur. \u0130stasyonda 60 ton kapasiteli hidrolik pres ve kombine delme \u2013kesme kal\u0131b\u0131 bulunmaktad\u0131r.<\/li>\n<li>\u0130stasyon-4:\u00a0Delik delinmi\u015f ve \u00e7evre kesilmi\u015f kablo pabucunun tabladan bo\u015fat\u0131ld\u0131\u011f\u0131 istasyondur. Pneumatik tahriklidir.<\/li>\n<li>Motor &#8211; Red\u00fckt\u00f6r:\u00a0Y\u0131lmaz Red\u00fckt\u00f6r marka<\/li>\n<li>Toplam elektrik g\u00fcc\u00fc:15 kW<\/li>\n<li>Rulmanlar:\u00a0SKF\/FAG\/T\u0130MKEN\/ORS\/ Sayg\u0131n Markalar<\/li>\n<li>Hidrolik \u00dcnite: Pompa\u00a0\u0130talyan ve muadili markalar olup ya\u011f tank\u0131 so\u011futma sistemlidir.<\/li>\n<li>Otomasyon:\u00a0Senkronize \u00e7al\u0131\u015fma imkan\u0131 sunan \u00f6zg\u00fcn tasar\u0131m (Tam otomatik &amp; Manuel olarak)<\/li>\n<li>PLC &#8211; S\u00dcR\u00dcC\u00dc:\u00a0SIEMENS\/ Sayg\u0131n Markalar<\/li>\n<li>Elektrik:\u00a0 SIEMENS \u2013 Sayg\u0131n Markalar<\/li>\n<li>Kal\u0131p ve fikst\u00fcrler: Tasar\u0131m\u0131\u00a0ve imalat\u0131 ROLLFEN taraf\u0131ndan yap\u0131l\u0131r. Kal\u0131plarda a\u015f\u0131nan par\u00e7alar \u00c71.2379 so\u011fuk i\u015f tak\u0131m \u00e7eli\u011fi kullan\u0131l\u0131r.<\/li>\n<\/ul>\n<p>&nbsp;<\/p>\n<p><strong>OPS\u0130YONEL \u00d6ZELL\u0130KLER<\/strong><\/p>\n<ul>\n<li>\u00dcretim H\u0131z\u0131:\u00a020 metre\/dakika<\/li>\n<li>Sac Geni\u015fli\u011fi:\u00a0100 mm(max.)<\/li>\n<li>Malzeme Cinsi:\u00a0Paslanmaz, Al\u00fcminyum, Galvaniz<\/li>\n<li>Malzeme Kal\u0131nl\u0131\u011f\u0131:\u00a0Paslanmaz (2.00 mm max.), Al\u00fcminyum &amp; Galvaniz (3.50 mm max.)<\/li>\n<\/ul>\n","protected":false},"excerpt":{"rendered":"<p><strong>GENEL \u00d6ZELL\u0130KLER<\/strong><\/p>\n<ul>\n<li>Elektrik kablo pabu\u00e7lar\u0131 ( konekt\u00f6r) bir elektrik kablo aksesuar\u0131 olup bir\u00e7ok elektrikli uygulamalarda do\u011frudan ve g\u00fcvenli ba\u011flant\u0131 yap\u0131lmas\u0131n\u0131 sa\u011flar.<\/li>\n<li>Ayn\u0131 zamanda bak\u0131m, tamirat, montaj ve demontaj i\u015flemlerinde kolayl\u0131k sa\u011flamak amac\u0131yla tasarlanm\u0131\u015f kablo aksesuarlar\u0131d\u0131r.<\/li>\n<li>Kablo pabu\u00e7lar\u0131 standartlar\u0131 ba\u015fta DIN normlar\u0131nda olmak \u00fczere uluslararas\u0131 standartlarda tan\u0131mlanm\u0131\u015ft\u0131r.<\/li>\n<li>En yayg\u0131n \u00f6rne\u011fi; motorlu ara\u00e7lar\u0131n elektriksel aksamlar\u0131n\u0131 beslemek i\u00e7in kullan\u0131lan ak\u00fc ba\u011flant\u0131 uygulamalar\u0131d\u0131r.<\/li>\n<li>Kablo pabu\u00e7lar\u0131 elektrolitik saf bak\u0131r ve al\u00fcminyum malzemeden yap\u0131l\u0131r. Bu malzemelerin kablo pabucu i\u00e7in gerekli iletkenlik de\u011ferleri uluslararas\u0131 standartlarda tan\u0131mlanm\u0131\u015ft\u0131r.<\/li>\n<li>ROLLFEN taraf\u0131ndan tasar\u0131m\u0131 ve \u00fcretimi yap\u0131lan elektrik kablo pabucu makinas\u0131 m\u00fc\u015fteri resim\/numune ve teknik \u015fartnamelerine g\u00f6re yap\u0131l\u0131r.<\/li>\n<\/ul>\n","protected":false},"featured_media":1951,"comment_status":"open","ping_status":"closed","template":"","meta":[],"product_cat":[17],"product_tag":[],"_links":{"self":[{"href":"https:\/\/rollfenmakina.com\/en\/wp-json\/wp\/v2\/product\/1948"}],"collection":[{"href":"https:\/\/rollfenmakina.com\/en\/wp-json\/wp\/v2\/product"}],"about":[{"href":"https:\/\/rollfenmakina.com\/en\/wp-json\/wp\/v2\/types\/product"}],"replies":[{"embeddable":true,"href":"https:\/\/rollfenmakina.com\/en\/wp-json\/wp\/v2\/comments?post=1948"}],"wp:featuredmedia":[{"embeddable":true,"href":"https:\/\/rollfenmakina.com\/en\/wp-json\/wp\/v2\/media\/1951"}],"wp:attachment":[{"href":"https:\/\/rollfenmakina.com\/en\/wp-json\/wp\/v2\/media?parent=1948"}],"wp:term":[{"taxonomy":"product_cat","embeddable":true,"href":"https:\/\/rollfenmakina.com\/en\/wp-json\/wp\/v2\/product_cat?post=1948"},{"taxonomy":"product_tag","embeddable":true,"href":"https:\/\/rollfenmakina.com\/en\/wp-json\/wp\/v2\/product_tag?post=1948"}],"curies":[{"name":"wp","href":"https:\/\/api.w.org\/{rel}","templated":true}]}}