{"id":1749,"date":"2023-05-03T22:53:16","date_gmt":"2023-05-03T19:53:17","guid":{"rendered":"https:\/\/rollfenmakina.com\/?post_type=product&#038;p=1749"},"modified":"2026-04-06T16:11:50","modified_gmt":"2026-04-06T13:11:50","slug":"production-line-for-gypsumboard-profiles-kopya","status":"publish","type":"product","link":"https:\/\/rollfenmakina.com\/en\/urun\/production-line-for-gypsumboard-profiles-kopya\/","title":{"rendered":"PRODUCTION LINE FOR GYPSUM BOARD PROFILE WITH FULLY-AUTOMATIC PACKAGING"},"content":{"rendered":"<a rel=\"noopener noreferrer\" href=\"https:\/\/rollfenmakina.com\/wp-content\/uploads\/2022\/09\/Katalog_En_Tr_compressed.pdf\" target=\"_blank\" class=\"button success is-outline box-shadow-3\"  style=\"border-radius:98px;\">\n    <span>Catalog<\/span>\n  <i class=\"icon-angle-right\" aria-hidden=\"true\" ><\/i><\/a>\n\n<div class=\"row\"  id=\"row-591965621\">\n\n\t<div id=\"col-1680976132\" class=\"col medium-6 small-12 large-6\"  >\n\t\t\t\t<div class=\"col-inner\"  >\n\t\t\t\n\t\t\t\n<div class=\"video video-fit mb box-shadow-3\" style=\"padding-top:48%;\"><p><iframe loading=\"lazy\" title=\"Paketleme Sistemli Al\u00e7\u0131pan Profil Hatt\u0131\/Production Line for drywall profiles with packaging system\" width=\"1020\" height=\"574\" src=\"https:\/\/www.youtube.com\/embed\/nhTMZQ4hD-I?start=23&#038;feature=oembed\" frameborder=\"0\" allow=\"accelerometer; autoplay; clipboard-write; encrypted-media; gyroscope; picture-in-picture; web-share\" referrerpolicy=\"strict-origin-when-cross-origin\" allowfullscreen><\/iframe><\/p>\n<\/div>\n\t\t<\/div>\n\t\t\t\t\t<\/div>\n\n\t\n\n\t<div id=\"col-511736922\" class=\"col medium-6 small-12 large-6\"  >\n\t\t\t\t<div class=\"col-inner\"  >\n\t\t\t\n\t\t\t\n<div class=\"video video-fit mb box-shadow-3\" style=\"padding-top:48%;\"><p><iframe loading=\"lazy\" title=\"Al\u00e7\u0131pan Profilleri \u00dcretim Hatt\u0131 \/ Production line for gypsumboard profiles\" width=\"1020\" height=\"574\" src=\"https:\/\/www.youtube.com\/embed\/u6APFc4Lq4Y?feature=oembed\" frameborder=\"0\" allow=\"accelerometer; autoplay; clipboard-write; encrypted-media; gyroscope; picture-in-picture\" allowfullscreen><\/iframe><\/p>\n<\/div>\n\t\t<\/div>\n\t\t\t\t\t<\/div>\n\n\t\n<\/div>\n<div class=\"row\"  id=\"row-17556870\">\n\n\t<div id=\"col-1895967054\" class=\"col medium-4 small-12 large-4\"  >\n\t\t\t\t<div class=\"col-inner\"  >\n\t\t\t\n\t\t\t\n<div class=\"video video-fit mb box-shadow-3\" style=\"padding-top:48%;\"><p><iframe loading=\"lazy\" title=\"PRODUCTION LINE FOR GYPSUMBOARD PROFILES\" width=\"1020\" height=\"574\" src=\"https:\/\/www.youtube.com\/embed\/GE-sF68lX74?feature=oembed\" frameborder=\"0\" allow=\"accelerometer; autoplay; clipboard-write; encrypted-media; gyroscope; picture-in-picture\" allowfullscreen><\/iframe><\/p>\n<\/div>\n\t\t<\/div>\n\t\t\t\t\t<\/div>\n\n\t\n\n\t<div id=\"col-897786544\" class=\"col medium-4 small-12 large-4\"  >\n\t\t\t\t<div class=\"col-inner\"  >\n\t\t\t\n\t\t\t\n<div class=\"video video-fit mb box-shadow-3\" style=\"padding-top:48%;\"><p><iframe loading=\"lazy\" title=\"Production Line for Gypsumboard Profiles - Rollfen Makina\" width=\"1020\" height=\"574\" src=\"https:\/\/www.youtube.com\/embed\/Hp8yag1CkF4?feature=oembed\" frameborder=\"0\" allow=\"accelerometer; autoplay; clipboard-write; encrypted-media; gyroscope; picture-in-picture\" allowfullscreen><\/iframe><\/p>\n<\/div>\n\t\t<\/div>\n\t\t\t\t\t<\/div>\n\n\t\n\n\t<div id=\"col-569647941\" class=\"col medium-4 small-12 large-4\"  >\n\t\t\t\t<div class=\"col-inner\"  >\n\t\t\t\n\t\t\t\n<div class=\"video video-fit mb box-shadow-3\" style=\"padding-top:48%;\"><p><iframe loading=\"lazy\" title=\"New Design &quot;Production Line for Gypsumboar Profiles&quot; is coming soon...\" width=\"1020\" height=\"574\" src=\"https:\/\/www.youtube.com\/embed\/onAlUvvb8-g?feature=oembed\" frameborder=\"0\" allow=\"accelerometer; autoplay; clipboard-write; encrypted-media; gyroscope; picture-in-picture\" allowfullscreen><\/iframe><\/p>\n<\/div>\n\t\t<\/div>\n\t\t\t\t\t<\/div>\n\n\t\n<\/div>\n<p style=\"font-weight: 400;\"><span style=\"color: #003366;\"><strong>TECHNICAL SPECIFICATIONS (STANDARD LINE)<\/strong><\/span><\/p>\n<ul>\n<li><u>Production Speed<\/u>:\u00a060 meter\/minute (non-mark profiles)<\/li>\n<li><u>Production Speed<\/u>: 30 meter\/minute (profiles with 2 mark)*<\/li>\n<li><u>Blinding Speed<\/u>: 1.5 second per a strapping<\/li>\n<li><u>Sheet Metal Width<\/u>:\u00a0197 mm (max.)<\/li>\n<li><u>Type of Material<\/u>:\u00a0Galvanized<\/li>\n<li><u>Material Thickness<\/u>:\u00a00.30mm-0.60mm<\/li>\n<li><u>Remote Control Module<\/u><\/li>\n<li><u>Rotary Punch**<\/u><\/li>\n<li><u>CE certificate, the lattice and its surrondings are protected by a hedge**<\/u><\/li>\n<li><u>Lubrication Use of Boron oil during sheet metal forming**<\/u><\/li>\n<li><u>Industry 4.0 Compitable PLC**<\/u><\/li>\n<\/ul>\n<p style=\"font-weight: 400;\">* Each time the number of mark increases, the production rate is halved<\/p>\n<p style=\"font-weight: 400;\">** These are optional<\/p>\n<p style=\"font-weight: 400;\"><span style=\"color: #003366;\"><strong>PRODUCTION LINE <\/strong><\/span><\/p>\n<ul>\n<li><strong>De-Coiler<\/strong>:\n<ul>\n<li><u>Capacity:<\/u> 2500 kg,<\/li>\n<li><u>Roll outside of diameter<\/u>: \u00d81200mm,<\/li>\n<li><u>Type:<\/u> Non-motorized and brake<\/li>\n<li><u>Roll Width<\/u>: 300mm,<\/li>\n<\/ul>\n<\/li>\n<\/ul>\n<ul>\n<li><strong>Rollforming <\/strong>:\n<ul>\n<li><u>Number of Station:<\/u> 12-14-16 ( changes according to profile)<\/li>\n<li><u>Power Transmission: <\/u>It is provided with gear system<\/li>\n<li><u>Material<\/u>: Shafts and rollers AISI 4140, Gears AISI 8620 and hardness 55- 58 HRC<\/li>\n<\/ul>\n<\/li>\n<\/ul>\n<ul>\n<li><strong>Cutting Unit \u2013 Flying Shears<\/strong>:\n<ul>\n<li><u>Accuracy: <\/u>+\/- 3mm<\/li>\n<li><u>Propulsion System:<\/u> It is provided with hydraulic system.<\/li>\n<li><u>Material<\/u>: The cutting dies are AISI 2379 cold work tool steel.<\/li>\n<li><u>Sensor<\/u>: Measure-stop sensor added to prevent losses.<\/li>\n<\/ul>\n<\/li>\n<\/ul>\n<ul style=\"font-weight: 400;\">\n<li><strong>Otomation<\/strong>:\n<ul style=\"font-weight: 400;\">\n<li><u>Synchronization<\/u>: The automation system ensures synchronized operation of the coil sheet uncoiler, roll forming machine, cutting unit-flying shear and tilting table.<\/li>\n<li><u>Automation Level:<\/u> The operator can enter the quantity of profiles to be produced and the profile length from the panel screen, and the production speed can be adjusted.<\/li>\n<li><u>Tehcinal Details<\/u>: 380V +\/- 10%, 3 Phase, 10 KW electricity and 8bar, 7lt\/min compressed air supply for the production line.<\/li>\n<\/ul>\n<\/li>\n<\/ul>\n<p style=\"font-weight: 400;\"><span style=\"color: #003366;\"><strong>PACKAGING LINE <\/strong><\/span><\/p>\n<ul>\n<li><strong>Folding Mechanism With Work-out Table<\/strong>:\n<ul>\n<li><u>Length:<\/u> 3 meter<\/li>\n<li><u>Propulsion System:<\/u> Driven by electric motor and servo motor<\/li>\n<li><u>Automatically Level<\/u>: The profiles coming from the work-out table are folded automatically and sent to the strapping machine.<\/li>\n<li><u>Material Transport System Type:<\/u> It is transported by roller conveyor<\/li>\n<\/ul>\n<\/li>\n<li><strong>Strapping Machine<\/strong>:\n<ul>\n<li><u>Power:<\/u>7 kW<\/li>\n<li><u>Blinding Speed<\/u>5 second per a strapping<\/li>\n<li><u>Maximum Tensile Strenght:<\/u> 45 kg<\/li>\n<\/ul>\n<\/li>\n<li><strong>Palletiser<\/strong>:\n<ul>\n<li><u>Power:<\/u>5 kW<\/li>\n<li><u>Propulsion System:<\/u> Driven by electric motor<\/li>\n<li><u>Packaging Lay-out:<\/u>\n<ul>\n<li><strong>CD Profiles<\/strong>\n<ul>\n<li>CD48xCD60 Profiles 8 profiles in 1 package are tied by strapping. (Palletized in 30 packs in total)<\/li>\n<\/ul>\n<\/li>\n<li><strong>CW Profiles <\/strong>\n<ul>\n<li>CW50 and CW75 Profiles 8 profiles in 1 package are tied by strapping (Palletized in 30 packs in total)<\/li>\n<li>CW100 Profiles 4 profiles in 1 package are tied by strapping.(Palletized in 30 packs in total.)<\/li>\n<li>CW125 and CW150 Profiles 2 profiles in 1 package tied by strapping. (Palletized in 60 packs in total)<\/li>\n<\/ul>\n<\/li>\n<li><strong>UW Profiles <\/strong>\n<ul>\n<li>UW50,UW75 and UW100 Profiles 8 profiles in 1 package are tied by strapping. (Palletized 30 packs in total.)<\/li>\n<li>UW125 and UW150 Profiles 2 profiles in 1 package are tied by strapping. (Palletized in 60 packs in total)<\/li>\n<\/ul>\n<\/li>\n<\/ul>\n<\/li>\n<\/ul>\n<\/li>\n<\/ul>\n","protected":false},"excerpt":{"rendered":"<p style=\"font-weight: 400;\"><span style=\"color: #003366;\"><strong>GENERAL INFORMATION<\/strong><\/span><\/p>\n<ul>\n<li>Profiles produced by our standard line are strapped with a fully-automatic packaging system and turned into pallets.<\/li>\n<li>Profiles produced by our standard line:\u00a0<strong>UD Profile<\/strong>, <strong>CD Profile, UW Profile,<\/strong> <strong>CW Profile<\/strong><\/li>\n<li><strong>UD Profile<\/strong>: Galvanized steel sheet profiles used in the construction of partition walls, curtain walls and suspended ceiling systems.<\/li>\n<li><strong>CD Profile<\/strong>: In suspended ceiling applications, the carrier profile is used to install the skeleton. It is used together with UD Profile at the point where the skeleton is connected to the wall.<\/li>\n<li><strong>UW Profile<\/strong>: Profiles made of galvanized steels that ensure that the CD profiles, which act as a carrier in the metal construction established in the construction of plasterboard partition walls, and the partition wall stand in balance.<\/li>\n<li><strong>CW Profile: <\/strong>In partition wall applications, curtain wall applications and shaft wall applications, it is applied by passing into UW profiles as a metal carrier skeleton.<\/li>\n<li>Profiles coming out of <strong>ROLLFEN Gypsum Board Profile Production Line<\/strong> are high quality and robust. It meets all performance criteria in <strong>EN 14195<\/strong><\/li>\n<\/ul>\n","protected":false},"featured_media":1751,"comment_status":"open","ping_status":"closed","template":"","meta":[],"product_cat":[31],"product_tag":[],"_links":{"self":[{"href":"https:\/\/rollfenmakina.com\/en\/wp-json\/wp\/v2\/product\/1749"}],"collection":[{"href":"https:\/\/rollfenmakina.com\/en\/wp-json\/wp\/v2\/product"}],"about":[{"href":"https:\/\/rollfenmakina.com\/en\/wp-json\/wp\/v2\/types\/product"}],"replies":[{"embeddable":true,"href":"https:\/\/rollfenmakina.com\/en\/wp-json\/wp\/v2\/comments?post=1749"}],"wp:featuredmedia":[{"embeddable":true,"href":"https:\/\/rollfenmakina.com\/en\/wp-json\/wp\/v2\/media\/1751"}],"wp:attachment":[{"href":"https:\/\/rollfenmakina.com\/en\/wp-json\/wp\/v2\/media?parent=1749"}],"wp:term":[{"taxonomy":"product_cat","embeddable":true,"href":"https:\/\/rollfenmakina.com\/en\/wp-json\/wp\/v2\/product_cat?post=1749"},{"taxonomy":"product_tag","embeddable":true,"href":"https:\/\/rollfenmakina.com\/en\/wp-json\/wp\/v2\/product_tag?post=1749"}],"curies":[{"name":"wp","href":"https:\/\/api.w.org\/{rel}","templated":true}]}}