{"id":1040,"date":"2021-05-27T12:44:57","date_gmt":"2021-05-27T09:44:57","guid":{"rendered":"https:\/\/rollfenmakina.com\/?post_type=product&#038;p=1040"},"modified":"2023-05-17T09:12:16","modified_gmt":"2023-05-17T06:12:16","slug":"production-line-for-gypsum-accessories","status":"publish","type":"product","link":"https:\/\/rollfenmakina.com\/en\/urun\/production-line-for-gypsum-accessories\/","title":{"rendered":"PRODUCTION LINE FOR GYPSUM BOARD PROFILE ACCESSORIES"},"content":{"rendered":"<a rel=\"noopener noreferrer\" href=\"https:\/\/rollfenmakina.com\/wp-content\/uploads\/2022\/09\/Katalog_En_Tr_compressed.pdf\" target=\"_blank\" class=\"button success is-outline box-shadow-3\"  style=\"border-radius:99px;\">\n    <span>catalog<\/span>\n  <i class=\"icon-angle-right\" aria-hidden=\"true\" ><\/i><\/a>\n\n<div class=\"row\"  id=\"row-2050455116\">\n\n\t<div id=\"col-32279603\" class=\"col medium-4 small-12 large-4\"  >\n\t\t\t\t<div class=\"col-inner\"  >\n\t\t\t\n\t\t\t\n<div class=\"video video-fit mb\" style=\"padding-top:56.25%;\"><p><iframe loading=\"lazy\" title=\"Al\u00e7\u0131pan Aksesuar profilleri \u00fcretim hatt\u0131 \/\/ Product\u0131on Line for Gysumboard Accessories\" width=\"1020\" height=\"574\" src=\"https:\/\/www.youtube.com\/embed\/lTjWbAGSYY0?feature=oembed\" frameborder=\"0\" allow=\"accelerometer; autoplay; clipboard-write; encrypted-media; gyroscope; picture-in-picture\" allowfullscreen><\/iframe><\/p>\n<\/div>\n\t\t<\/div>\n\t\t\t\t\t<\/div>\n\n\t\n\n\t<div id=\"col-286722171\" class=\"col medium-4 small-12 large-4\"  >\n\t\t\t\t<div class=\"col-inner\"  >\n\t\t\t\n\t\t\t\n\t\t<\/div>\n\t\t\t\t\t<\/div>\n\n\t\n\n\t<div id=\"col-698440331\" class=\"col medium-4 small-12 large-4\"  >\n\t\t\t\t<div class=\"col-inner\"  >\n\t\t\t\n\t\t\t\n\t\t<\/div>\n\t\t\t\t\t<\/div>\n\n\t\n<\/div>\n<p style=\"font-weight: 400;\"><span style=\"color: #003366;\"><strong>TECHNICAL SPECIFICATIONS<\/strong><\/span><\/p>\n<ul>\n<li><u>Production Speed<\/u>: 20 piece a minute<\/li>\n<li><u>Sheet Metal Width<\/u>:\u00a0100 mm (max.)<\/li>\n<li><u>Type of Material<\/u>:\u00a0Galvanized<\/li>\n<li><u>Material Thickness<\/u>:\u00a00.30mm-0.50mm<\/li>\n<li>Remote Control Module<\/li>\n<\/ul>\n<p style=\"font-weight: 400;\"><span style=\"color: #003366;\"><strong>PRODUCTION LINE<\/strong><\/span><\/p>\n<ul>\n<li><strong>De-Coiler<\/strong>:\n<ul>\n<li><u>Capacity:<\/u> 1250 kg,<\/li>\n<li><u>Roll outside of diameter<\/u>: \u00d81200mm,<\/li>\n<li><u>Type:<\/u>75 kW<\/li>\n<li><u>Roll Width<\/u>: 300mm,<\/li>\n<\/ul>\n<\/li>\n<li><strong>Sensor Bracket<\/strong>:\n<ul>\n<li><u>Width x Length x Height:<\/u> 200x300x1550 mm,<\/li>\n<li><u>Sensor: <\/u>Ensures synchronization between press and decoiler<\/li>\n<\/ul>\n<\/li>\n<li><strong>Eccentric (Mechanical) Pres<\/strong>:\n<ul>\n<li><u>Type<\/u>: Air Clutch, H type body<\/li>\n<li><u>Capacity:<\/u> 45 tone,<\/li>\n<li><u>Speed<\/u>: 250 strikes \/minute,<\/li>\n<li><u>Power:<\/u> 5 kW<\/li>\n<li><u>Stroke<\/u>: 24mm,<\/li>\n<\/ul>\n<\/li>\n<\/ul>\n<ul style=\"font-weight: 400;\">\n<li><strong>Mini Conveyor<\/strong>:\n<ul>\n<li style=\"list-style-type: none;\">\n<ul>\n<li style=\"list-style-type: none;\">\n<ul>\n<li><u>Width x Length x Height<\/u>: 380x1010x1150 mm<\/li>\n<li><u>Power:<\/u> 0.20 kW<\/li>\n<\/ul>\n<\/li>\n<\/ul>\n<\/li>\n<\/ul>\n<\/li>\n<\/ul>\n","protected":false},"excerpt":{"rendered":"<p style=\"font-weight: 400;\"><span style=\"color: #003366;\"><strong>GENERAL INFORMATION<\/strong><\/span><\/p>\n<ul>\n<li>Profiles produced by line:\u00a0<strong>Agraph(CD Bracket)<\/strong>, <strong>Profile Hanger Tongs <\/strong>and<strong> Profile Clips.<\/strong><\/li>\n<li><strong>Agraph (CD Bracket)<\/strong>: Profiles used in gypsum plaster applications to ensure the steepness of the corners and to increase resistance against impacts<\/li>\n<li><strong>Profile Hanger Tongs<\/strong>: Suspended ceiling accessory. It is used for better fixing of the C profile to the ceiling.<\/li>\n<li><strong>Profile Clips<\/strong>: Suspended ceilings are used to form a floor before being joined to the normal ceiling surface<\/li>\n<li>Profiles coming out of <strong>ROLLFEN Gypsum Board Profile Accessories Production Line<\/strong> are high quality and robust. It meets all performance criteria in <strong>EN 14195<\/strong><\/li>\n<li>The production line is universal and designed to produce profiles of different models and sizes<\/li>\n<\/ul>\n","protected":false},"featured_media":1862,"comment_status":"open","ping_status":"closed","template":"","meta":[],"product_cat":[31],"product_tag":[],"_links":{"self":[{"href":"https:\/\/rollfenmakina.com\/en\/wp-json\/wp\/v2\/product\/1040"}],"collection":[{"href":"https:\/\/rollfenmakina.com\/en\/wp-json\/wp\/v2\/product"}],"about":[{"href":"https:\/\/rollfenmakina.com\/en\/wp-json\/wp\/v2\/types\/product"}],"replies":[{"embeddable":true,"href":"https:\/\/rollfenmakina.com\/en\/wp-json\/wp\/v2\/comments?post=1040"}],"wp:featuredmedia":[{"embeddable":true,"href":"https:\/\/rollfenmakina.com\/en\/wp-json\/wp\/v2\/media\/1862"}],"wp:attachment":[{"href":"https:\/\/rollfenmakina.com\/en\/wp-json\/wp\/v2\/media?parent=1040"}],"wp:term":[{"taxonomy":"product_cat","embeddable":true,"href":"https:\/\/rollfenmakina.com\/en\/wp-json\/wp\/v2\/product_cat?post=1040"},{"taxonomy":"product_tag","embeddable":true,"href":"https:\/\/rollfenmakina.com\/en\/wp-json\/wp\/v2\/product_tag?post=1040"}],"curies":[{"name":"wp","href":"https:\/\/api.w.org\/{rel}","templated":true}]}}