{"id":1039,"date":"2021-05-27T12:44:57","date_gmt":"2021-05-27T09:44:57","guid":{"rendered":"https:\/\/rollfenmakina.com\/?post_type=product&#038;p=1039"},"modified":"2025-11-08T12:21:08","modified_gmt":"2025-11-08T09:21:08","slug":"alcipan-profil-aksesuarlari-uretim-hatti","status":"publish","type":"product","link":"https:\/\/rollfenmakina.com\/urun\/alcipan-profil-aksesuarlari-uretim-hatti\/","title":{"rendered":"AL\u00c7IPAN AKSESUAR PROF\u0130LLER\u0130 \u00dcRET\u0130M HATTI"},"content":{"rendered":"<p style=\"text-align: center;\"><a rel=\"noopener noreferrer\" href=\"https:\/\/rollfenmakina.com\/wp-content\/uploads\/2022\/09\/Katalog_En_Tr_compressed.pdf\" target=\"_blank\" class=\"button success is-outline box-shadow-3\"  style=\"border-radius:99px;\">\n    <span>\u00dcR\u00dcN KATALOG<\/span>\n  <i class=\"icon-angle-right\" aria-hidden=\"true\" ><\/i><\/a>\n\n<div class=\"row\"  id=\"row-2072161679\">\n\n\t<div id=\"col-1048053374\" class=\"col medium-4 small-12 large-4\"  >\n\t\t\t\t<div class=\"col-inner\"  >\n\t\t\t\n\t\t\t\n<div class=\"video video-fit mb\" style=\"padding-top:56.25%;\"><p><iframe loading=\"lazy\" title=\"Al\u00e7\u0131pan Aksesuar profilleri \u00fcretim hatt\u0131 \/\/ Product\u0131on Line for Gysumboard Accessories\" width=\"1020\" height=\"574\" src=\"https:\/\/www.youtube.com\/embed\/lTjWbAGSYY0?feature=oembed\" frameborder=\"0\" allow=\"accelerometer; autoplay; clipboard-write; encrypted-media; gyroscope; picture-in-picture\" allowfullscreen><\/iframe><\/p>\n<\/div>\n\t\t<\/div>\n\t\t\t\t\t<\/div>\n\n\t\n\n\t<div id=\"col-992241889\" class=\"col medium-4 small-12 large-4\"  >\n\t\t\t\t<div class=\"col-inner\"  >\n\t\t\t\n\t\t\t\n\t\t<\/div>\n\t\t\t\t\t<\/div>\n\n\t\n\n\t<div id=\"col-2005792592\" class=\"col medium-4 small-12 large-4\"  >\n\t\t\t\t<div class=\"col-inner\"  >\n\t\t\t\n\t\t\t\n\t\t<\/div>\n\t\t\t\t\t<\/div>\n\n\t\n<\/div>\n<p style=\"font-weight: 400;\"><span style=\"color: #003366;\"><strong>TEKN\u0130K \u00d6ZELL\u0130KLER<\/strong><\/span><\/p>\n<ul>\n<li><u>\u00dcretim H\u0131z\u0131<\/u>: 20 adet\/dakikada<\/li>\n<li><u>Malzeme Cinsi <\/u>:Galvanizli Sac<\/li>\n<li><u>Malzeme kal\u0131nl\u0131\u011f\u0131<\/u>: 0.30 mm-0.90 mm<\/li>\n<li><u>Rulo Geni\u015fli\u011fi<\/u>: 100 mm (max)<\/li>\n<li><u>Uzaktan Kontrol Mod\u00fcl\u00fc<\/u><strong style=\"color: #555555; font-size: 14.4px;\">\u00a0<\/strong><\/li>\n<\/ul>\n<p style=\"font-weight: 400;\"><span style=\"color: #003366;\"><strong>\u00dcRET\u0130M HATTI<\/strong><\/span><\/p>\n<ul>\n<li><strong>Rulo Sac A\u00e7\u0131c\u0131<\/strong>:\n<ul>\n<li><u>Ta\u015f\u0131ma Kapasitesi:<\/u>1250 kg,<\/li>\n<li><u>Rulo D\u0131\u015f \u00c7ap\u0131<\/u>: \u00d81200mm,<\/li>\n<li><u>Tip:<\/u>75 kW<\/li>\n<li><u>Bant Geni\u015fli\u011fi<\/u>: 300mm,<\/li>\n<\/ul>\n<\/li>\n<\/ul>\n<ul>\n<li><strong>Sens\u00f6r Kaidesi<\/strong>:\n<ul>\n<li><u>Geni\u015flik x Uzunluk x Y\u00fckseklik:<\/u> 200x300x1550 mm,<\/li>\n<li><u>Sens\u00f6r: <\/u>Pres ve Rulo Sac A\u00e7\u0131c\u0131 aras\u0131ndaki senkronizasyonu sa\u011flar<\/li>\n<\/ul>\n<\/li>\n<\/ul>\n<ul>\n<li><strong>Eksantrik (Mekanik) Pres<\/strong>:\n<ul>\n<li><u>Tip<\/u>: Hava Kavramal\u0131, H tip g\u00f6vde<\/li>\n<li><u>Kapasitesi:<\/u> 45 ton,<\/li>\n<li><u>H\u0131z<\/u>: 250 vuru\u015f \/dakika,<\/li>\n<li><u>G\u00fc\u00e7:<\/u> 5 kW<\/li>\n<li><u>Strok<\/u>: 24mm,<\/li>\n<\/ul>\n<\/li>\n<\/ul>\n<ul>\n<li><strong>Mini Konvey\u00f6r<\/strong>:\n<ul>\n<li><u>Geni\u015flik x Uzunluk x Y\u00fckseklik<\/u>: 380x1010x1150 mm<\/li>\n<li><u>G\u00fc\u00e7:<\/u> 20 kW<\/li>\n<\/ul>\n<\/li>\n<\/ul>\n","protected":false},"excerpt":{"rendered":"<p style=\"font-weight: 400;\"><span style=\"color: #003366;\"><strong>GENEL B\u0130LG\u0130<\/strong><\/span><\/p>\n<ul>\n<li>Hatt\u0131n \u00fcretti\u011fi profiller:\u00a0<strong>Agraf, Ask\u0131 Ma\u015fas\u0131<\/strong> ve <strong>Ask\u0131<\/strong> <strong>Aparat\u0131<\/strong>d\u0131r.<\/li>\n<li><strong>Agraf:<\/strong> Al\u00e7\u0131 s\u0131va uygulamalar\u0131nda k\u00f6\u015felerin dikli\u011fini sa\u011flamak ve darbelere kar\u015f\u0131 direncini artt\u0131rmak i\u00e7in kullan\u0131lan profilledir.<\/li>\n<\/ul>\n<ul style=\"font-weight: 400;\">\n<li><strong>Ask\u0131 Ma\u015fas\u0131<\/strong>: Asma tavan aksesuar\u0131d\u0131r. C profilinin tavana daha iyi \u015fekilde sabitlemesi i\u00e7in kullan\u0131l\u0131r.<\/li>\n<li><strong>Ask\u0131 Aparat\u0131<\/strong>: Asma tavan normal tavan y\u00fczeyine birle\u015ftirilmeden \u00f6nce zemin olu\u015fturmas\u0131 i\u00e7in kullan\u0131l\u0131r<\/li>\n<li><strong>ROLLFEN Al\u00e7\u0131pan Profil Aksesuarlar\u0131 \u00dcretim Hatt\u0131<\/strong>\u2019ndan \u00e7\u0131kan profiller y\u00fcksek kaliteli ve sa\u011flam olur. <strong>EN 14195<\/strong>\u00a0Standard\u0131ndaki t\u00fcm performans kriterlerini kar\u015f\u0131lar.<\/li>\n<li>\u00dcretim hatt\u0131 \u00fcniversal yap\u0131da olup farkl\u0131 model ve \u00f6l\u00e7\u00fcdeki profillerin \u00fcretimini sa\u011flayacak tasar\u0131ma sahiptir.<\/li>\n<\/ul>\n","protected":false},"featured_media":1861,"comment_status":"open","ping_status":"closed","template":"","meta":[],"product_cat":[17],"product_tag":[],"_links":{"self":[{"href":"https:\/\/rollfenmakina.com\/en\/wp-json\/wp\/v2\/product\/1039"}],"collection":[{"href":"https:\/\/rollfenmakina.com\/en\/wp-json\/wp\/v2\/product"}],"about":[{"href":"https:\/\/rollfenmakina.com\/en\/wp-json\/wp\/v2\/types\/product"}],"replies":[{"embeddable":true,"href":"https:\/\/rollfenmakina.com\/en\/wp-json\/wp\/v2\/comments?post=1039"}],"wp:featuredmedia":[{"embeddable":true,"href":"https:\/\/rollfenmakina.com\/en\/wp-json\/wp\/v2\/media\/1861"}],"wp:attachment":[{"href":"https:\/\/rollfenmakina.com\/en\/wp-json\/wp\/v2\/media?parent=1039"}],"wp:term":[{"taxonomy":"product_cat","embeddable":true,"href":"https:\/\/rollfenmakina.com\/en\/wp-json\/wp\/v2\/product_cat?post=1039"},{"taxonomy":"product_tag","embeddable":true,"href":"https:\/\/rollfenmakina.com\/en\/wp-json\/wp\/v2\/product_tag?post=1039"}],"curies":[{"name":"wp","href":"https:\/\/api.w.org\/{rel}","templated":true}]}}