{"id":565,"date":"2020-08-25T10:41:03","date_gmt":"2020-08-25T07:41:03","guid":{"rendered":"http:\/\/rollfenmakina.com\/galeri\/"},"modified":"2024-06-28T17:17:26","modified_gmt":"2024-06-28T14:17:26","slug":"galeri","status":"publish","type":"page","link":"https:\/\/rollfenmakina.com\/en\/galeri\/","title":{"rendered":"GALLERY"},"content":{"rendered":"<h2 class=\"uppercase\"><em><strong>youtube channel<\/strong><\/em><\/h2>\n<div class=\"row\"  id=\"row-61360087\">\n\n\t<div id=\"col-1247742942\" class=\"col medium-4 small-6 large-4\"  >\n\t\t\t\t<div class=\"col-inner\"  >\n\t\t\t\n\t\t\t\n<div class=\"video video-fit mb box-shadow-3\" style=\"padding-top:56.25%;\"><p><iframe loading=\"lazy\" title=\"Paketleme Sistemli Al\u00e7\u0131pan Profil Hatt\u0131\/Production Line for drywall profiles with packaging system\" width=\"1020\" height=\"574\" src=\"https:\/\/www.youtube.com\/embed\/nhTMZQ4hD-I?start=23&#038;feature=oembed\" frameborder=\"0\" allow=\"accelerometer; autoplay; clipboard-write; encrypted-media; gyroscope; picture-in-picture; web-share\" referrerpolicy=\"strict-origin-when-cross-origin\" allowfullscreen><\/iframe><\/p>\n<\/div>\n\t\t<\/div>\n\t\t\t\t\t<\/div>\n\n\t\n\n\t<div id=\"col-330012078\" class=\"col medium-4 small-6 large-4\"  >\n\t\t\t\t<div class=\"col-inner\"  >\n\t\t\t\n\t\t\t\n<div class=\"video video-fit mb box-shadow-3\" style=\"padding-top:56.25%;\"><p><iframe loading=\"lazy\" title=\"C Channel -Main Channel profile production line\" width=\"1020\" height=\"574\" src=\"https:\/\/www.youtube.com\/embed\/f4Zli9tnO4s?start=43&#038;feature=oembed\" frameborder=\"0\" allow=\"accelerometer; autoplay; clipboard-write; encrypted-media; gyroscope; picture-in-picture; web-share\" referrerpolicy=\"strict-origin-when-cross-origin\" allowfullscreen><\/iframe><\/p>\n<\/div>\n\t\t<\/div>\n\t\t\t\t\t<\/div>\n\n\t\n\n\t<div id=\"col-1965258911\" class=\"col medium-4 small-6 large-4\"  >\n\t\t\t\t<div class=\"col-inner\"  >\n\t\t\t\n\t\t\t\n<div class=\"video video-fit mb box-shadow-3\" style=\"padding-top:56.25%;\"><p><iframe loading=\"lazy\" title=\"ROLLFEN MAKINA - Your Solution Partner for Production\" width=\"1020\" height=\"574\" src=\"https:\/\/www.youtube.com\/embed\/SkHDmhyclHA?feature=oembed\" frameborder=\"0\" allow=\"accelerometer; autoplay; clipboard-write; encrypted-media; gyroscope; picture-in-picture\" allowfullscreen><\/iframe><\/p>\n<\/div>\n\t\t<\/div>\n\t\t\t\t\t<\/div>\n\n\t\n\n\t<div id=\"col-417921900\" class=\"col medium-4 small-6 large-4\"  >\n\t\t\t\t<div class=\"col-inner\"  >\n\t\t\t\n\t\t\t\n<div class=\"video video-fit mb box-shadow-3\" style=\"padding-top:56.25%;\"><p><iframe loading=\"lazy\" title=\"PRODUCTION LINE FOR CORNER BEAD PROFILES\" width=\"1020\" height=\"574\" src=\"https:\/\/www.youtube.com\/embed\/YSX5sx1LUGE?feature=oembed\" frameborder=\"0\" allow=\"accelerometer; autoplay; clipboard-write; encrypted-media; gyroscope; picture-in-picture\" allowfullscreen><\/iframe><\/p>\n<\/div>\n\t\t<\/div>\n\t\t\t\t\t<\/div>\n\n\t\n\n\t<div id=\"col-440456685\" class=\"col medium-4 small-6 large-4\"  >\n\t\t\t\t<div class=\"col-inner\"  >\n\t\t\t\n\t\t\t\n<div class=\"video video-fit mb box-shadow-3\" style=\"padding-top:56.25%;\"><p><iframe loading=\"lazy\" title=\"PRODUCTION LINE FOR GYPSUMBOARD PROFILES\" width=\"1020\" height=\"574\" src=\"https:\/\/www.youtube.com\/embed\/GE-sF68lX74?feature=oembed\" frameborder=\"0\" allow=\"accelerometer; autoplay; clipboard-write; encrypted-media; gyroscope; picture-in-picture\" allowfullscreen><\/iframe><\/p>\n<\/div>\n\t\t<\/div>\n\t\t\t\t\t<\/div>\n\n\t\n\n\t<div id=\"col-2001102459\" class=\"col medium-4 small-6 large-4\"  >\n\t\t\t\t<div class=\"col-inner\"  >\n\t\t\t\n\t\t\t\n<div class=\"video video-fit mb box-shadow-3\" style=\"padding-top:56.25%;\"><p><iframe loading=\"lazy\" title=\"Production Line for Gypsumboard Profiles - Rollfen Makina\" width=\"1020\" height=\"574\" src=\"https:\/\/www.youtube.com\/embed\/Hp8yag1CkF4?feature=oembed\" frameborder=\"0\" allow=\"accelerometer; autoplay; clipboard-write; encrypted-media; gyroscope; picture-in-picture\" allowfullscreen><\/iframe><\/p>\n<\/div>\n\t\t<\/div>\n\t\t\t\t\t<\/div>\n\n\t\n<\/div>\n<h2 class=\"uppercase\"><span data-text-color=\"success\"><em><strong>photographs<\/strong><\/em><\/span><\/h2>\n\n  \n    <div class=\"row large-columns-4 medium-columns-3 small-columns-2\">\n  <div class=\"gallery-col col\" >\n          <div class=\"col-inner\">\n            <a class=\"image-lightbox lightbox-gallery\" href=\"https:\/\/rollfenmakina.com\/wp-content\/uploads\/2020\/08\/aph-2.jpg\" title=\"\">            <div class=\"box has-hover gallery-box box-overlay dark\">\n              <div class=\"box-image\" >\n                <img loading=\"lazy\" decoding=\"async\" width=\"500\" height=\"400\" src=\"https:\/\/rollfenmakina.com\/wp-content\/uploads\/2020\/08\/aph-2-500x400.jpg\" class=\"attachment-medium size-medium\" alt=\"\" ids=\"1139,1141,1112,1110,1108,1106,1102,1100,1097,1095,1093,1091\" srcset=\"https:\/\/rollfenmakina.com\/wp-content\/uploads\/2020\/08\/aph-2-500x400.jpg 500w, https:\/\/rollfenmakina.com\/wp-content\/uploads\/2020\/08\/aph-2-768x614.jpg 768w, https:\/\/rollfenmakina.com\/wp-content\/uploads\/2020\/08\/aph-2-600x480.jpg 600w, https:\/\/rollfenmakina.com\/wp-content\/uploads\/2020\/08\/aph-2.jpg 1000w\" sizes=\"(max-width: 500px) 100vw, 500px\" \/>                                  <div class=\"overlay fill\"\n                      style=\"background-color: rgba(0,0,0,.15)\">\n                  <\/div>\n                                                              <\/div>\n              <div class=\"box-text text-left\" >\n                 <p><\/p>\n              <\/div>\n            <\/div>\n            <\/a>          <\/div>\n         <\/div><div class=\"gallery-col col\" >\n          <div class=\"col-inner\">\n            <a class=\"image-lightbox lightbox-gallery\" href=\"https:\/\/rollfenmakina.com\/wp-content\/uploads\/2020\/08\/kph-1.jpg\" title=\"\">            <div class=\"box has-hover gallery-box box-overlay dark\">\n              <div class=\"box-image\" >\n                <img loading=\"lazy\" decoding=\"async\" width=\"500\" height=\"400\" src=\"https:\/\/rollfenmakina.com\/wp-content\/uploads\/2020\/08\/kph-1-500x400.jpg\" class=\"attachment-medium size-medium\" alt=\"\" ids=\"1139,1141,1112,1110,1108,1106,1102,1100,1097,1095,1093,1091\" srcset=\"https:\/\/rollfenmakina.com\/wp-content\/uploads\/2020\/08\/kph-1-500x400.jpg 500w, https:\/\/rollfenmakina.com\/wp-content\/uploads\/2020\/08\/kph-1-768x614.jpg 768w, https:\/\/rollfenmakina.com\/wp-content\/uploads\/2020\/08\/kph-1-600x480.jpg 600w, https:\/\/rollfenmakina.com\/wp-content\/uploads\/2020\/08\/kph-1.jpg 1000w\" sizes=\"(max-width: 500px) 100vw, 500px\" \/>                                  <div class=\"overlay fill\"\n                      style=\"background-color: rgba(0,0,0,.15)\">\n                  <\/div>\n                                                              <\/div>\n              <div class=\"box-text text-left\" >\n                 <p><\/p>\n              <\/div>\n            <\/div>\n            <\/a>          <\/div>\n         <\/div><div class=\"gallery-col col\" >\n          <div class=\"col-inner\">\n            <a class=\"image-lightbox lightbox-gallery\" href=\"https:\/\/rollfenmakina.com\/wp-content\/uploads\/2020\/08\/RULO-ACICI-3.jpg\" title=\"\">            <div class=\"box has-hover gallery-box box-overlay dark\">\n              <div class=\"box-image\" >\n                <img loading=\"lazy\" decoding=\"async\" width=\"500\" height=\"400\" src=\"https:\/\/rollfenmakina.com\/wp-content\/uploads\/2020\/08\/RULO-ACICI-3-500x400.jpg\" class=\"attachment-medium size-medium\" alt=\"\" ids=\"1139,1141,1112,1110,1108,1106,1102,1100,1097,1095,1093,1091\" srcset=\"https:\/\/rollfenmakina.com\/wp-content\/uploads\/2020\/08\/RULO-ACICI-3-500x400.jpg 500w, https:\/\/rollfenmakina.com\/wp-content\/uploads\/2020\/08\/RULO-ACICI-3-768x614.jpg 768w, https:\/\/rollfenmakina.com\/wp-content\/uploads\/2020\/08\/RULO-ACICI-3-600x480.jpg 600w, https:\/\/rollfenmakina.com\/wp-content\/uploads\/2020\/08\/RULO-ACICI-3.jpg 1000w\" sizes=\"(max-width: 500px) 100vw, 500px\" \/>                                  <div class=\"overlay fill\"\n                      style=\"background-color: rgba(0,0,0,.15)\">\n                  <\/div>\n                                                              <\/div>\n              <div class=\"box-text text-left\" >\n                 <p><\/p>\n              <\/div>\n            <\/div>\n            <\/a>          <\/div>\n         <\/div><div class=\"gallery-col col\" >\n          <div class=\"col-inner\">\n            <a class=\"image-lightbox lightbox-gallery\" href=\"https:\/\/rollfenmakina.com\/wp-content\/uploads\/2020\/08\/ROLLFORM-3.jpg\" title=\"\">            <div class=\"box has-hover gallery-box box-overlay dark\">\n              <div class=\"box-image\" >\n                <img loading=\"lazy\" decoding=\"async\" width=\"500\" height=\"400\" src=\"https:\/\/rollfenmakina.com\/wp-content\/uploads\/2020\/08\/ROLLFORM-3-500x400.jpg\" class=\"attachment-medium size-medium\" alt=\"\" ids=\"1139,1141,1112,1110,1108,1106,1102,1100,1097,1095,1093,1091\" srcset=\"https:\/\/rollfenmakina.com\/wp-content\/uploads\/2020\/08\/ROLLFORM-3-500x400.jpg 500w, https:\/\/rollfenmakina.com\/wp-content\/uploads\/2020\/08\/ROLLFORM-3-768x614.jpg 768w, https:\/\/rollfenmakina.com\/wp-content\/uploads\/2020\/08\/ROLLFORM-3-600x480.jpg 600w, https:\/\/rollfenmakina.com\/wp-content\/uploads\/2020\/08\/ROLLFORM-3.jpg 1000w\" sizes=\"(max-width: 500px) 100vw, 500px\" \/>                                  <div class=\"overlay fill\"\n                      style=\"background-color: rgba(0,0,0,.15)\">\n                  <\/div>\n                                                              <\/div>\n              <div class=\"box-text text-left\" >\n                 <p><\/p>\n              <\/div>\n            <\/div>\n            <\/a>          <\/div>\n         <\/div><div class=\"gallery-col col\" >\n          <div class=\"col-inner\">\n            <a class=\"image-lightbox lightbox-gallery\" href=\"https:\/\/rollfenmakina.com\/wp-content\/uploads\/2020\/08\/PRES.jpg\" title=\"\">            <div class=\"box has-hover gallery-box box-overlay dark\">\n              <div class=\"box-image\" >\n                <img loading=\"lazy\" decoding=\"async\" width=\"500\" height=\"400\" src=\"https:\/\/rollfenmakina.com\/wp-content\/uploads\/2020\/08\/PRES-500x400.jpg\" class=\"attachment-medium size-medium\" alt=\"\" ids=\"1139,1141,1112,1110,1108,1106,1102,1100,1097,1095,1093,1091\" srcset=\"https:\/\/rollfenmakina.com\/wp-content\/uploads\/2020\/08\/PRES-500x400.jpg 500w, https:\/\/rollfenmakina.com\/wp-content\/uploads\/2020\/08\/PRES-768x614.jpg 768w, https:\/\/rollfenmakina.com\/wp-content\/uploads\/2020\/08\/PRES-600x480.jpg 600w, https:\/\/rollfenmakina.com\/wp-content\/uploads\/2020\/08\/PRES.jpg 1000w\" sizes=\"(max-width: 500px) 100vw, 500px\" \/>                                  <div class=\"overlay fill\"\n                      style=\"background-color: rgba(0,0,0,.15)\">\n                  <\/div>\n                                                              <\/div>\n              <div class=\"box-text text-left\" >\n                 <p><\/p>\n              <\/div>\n            <\/div>\n            <\/a>          <\/div>\n         <\/div><div class=\"gallery-col col\" >\n          <div class=\"col-inner\">\n            <a class=\"image-lightbox lightbox-gallery\" href=\"https:\/\/rollfenmakina.com\/wp-content\/uploads\/2020\/08\/KALIP.jpg\" title=\"\">            <div class=\"box has-hover gallery-box box-overlay dark\">\n              <div class=\"box-image\" >\n                <img loading=\"lazy\" decoding=\"async\" width=\"500\" height=\"400\" src=\"https:\/\/rollfenmakina.com\/wp-content\/uploads\/2020\/08\/KALIP-500x400.jpg\" class=\"attachment-medium size-medium\" alt=\"\" ids=\"1139,1141,1112,1110,1108,1106,1102,1100,1097,1095,1093,1091\" srcset=\"https:\/\/rollfenmakina.com\/wp-content\/uploads\/2020\/08\/KALIP-500x400.jpg 500w, https:\/\/rollfenmakina.com\/wp-content\/uploads\/2020\/08\/KALIP-768x614.jpg 768w, https:\/\/rollfenmakina.com\/wp-content\/uploads\/2020\/08\/KALIP-600x480.jpg 600w, https:\/\/rollfenmakina.com\/wp-content\/uploads\/2020\/08\/KALIP.jpg 1000w\" sizes=\"(max-width: 500px) 100vw, 500px\" \/>                                  <div class=\"overlay fill\"\n                      style=\"background-color: rgba(0,0,0,.15)\">\n                  <\/div>\n                                                              <\/div>\n              <div class=\"box-text text-left\" >\n                 <p><\/p>\n              <\/div>\n            <\/div>\n            <\/a>          <\/div>\n         <\/div><div class=\"gallery-col col\" >\n          <div class=\"col-inner\">\n            <a class=\"image-lightbox lightbox-gallery\" href=\"https:\/\/rollfenmakina.com\/wp-content\/uploads\/2020\/08\/CER.jpg\" title=\"\">            <div class=\"box has-hover gallery-box box-overlay dark\">\n              <div class=\"box-image\" >\n                <img loading=\"lazy\" decoding=\"async\" width=\"500\" height=\"400\" src=\"https:\/\/rollfenmakina.com\/wp-content\/uploads\/2020\/08\/CER-500x400.jpg\" class=\"attachment-medium size-medium\" alt=\"\" ids=\"1139,1141,1112,1110,1108,1106,1102,1100,1097,1095,1093,1091\" srcset=\"https:\/\/rollfenmakina.com\/wp-content\/uploads\/2020\/08\/CER-500x400.jpg 500w, https:\/\/rollfenmakina.com\/wp-content\/uploads\/2020\/08\/CER-768x614.jpg 768w, https:\/\/rollfenmakina.com\/wp-content\/uploads\/2020\/08\/CER-600x480.jpg 600w, https:\/\/rollfenmakina.com\/wp-content\/uploads\/2020\/08\/CER.jpg 1000w\" sizes=\"(max-width: 500px) 100vw, 500px\" \/>                                  <div class=\"overlay fill\"\n                      style=\"background-color: rgba(0,0,0,.15)\">\n                  <\/div>\n                                                              <\/div>\n              <div class=\"box-text text-left\" >\n                 <p><\/p>\n              <\/div>\n            <\/div>\n            <\/a>          <\/div>\n         <\/div><div class=\"gallery-col col\" >\n          <div class=\"col-inner\">\n            <a class=\"image-lightbox lightbox-gallery\" href=\"https:\/\/rollfenmakina.com\/wp-content\/uploads\/2020\/08\/APH-1.jpg\" title=\"\">            <div class=\"box has-hover gallery-box box-overlay dark\">\n              <div class=\"box-image\" >\n                <img loading=\"lazy\" decoding=\"async\" width=\"500\" height=\"400\" src=\"https:\/\/rollfenmakina.com\/wp-content\/uploads\/2020\/08\/APH-1-500x400.jpg\" class=\"attachment-medium size-medium\" alt=\"\" ids=\"1139,1141,1112,1110,1108,1106,1102,1100,1097,1095,1093,1091\" srcset=\"https:\/\/rollfenmakina.com\/wp-content\/uploads\/2020\/08\/APH-1-500x400.jpg 500w, https:\/\/rollfenmakina.com\/wp-content\/uploads\/2020\/08\/APH-1-768x614.jpg 768w, https:\/\/rollfenmakina.com\/wp-content\/uploads\/2020\/08\/APH-1-600x480.jpg 600w, https:\/\/rollfenmakina.com\/wp-content\/uploads\/2020\/08\/APH-1.jpg 1000w\" sizes=\"(max-width: 500px) 100vw, 500px\" \/>                                  <div class=\"overlay fill\"\n                      style=\"background-color: rgba(0,0,0,.15)\">\n                  <\/div>\n                                                              <\/div>\n              <div class=\"box-text text-left\" >\n                 <p><\/p>\n              <\/div>\n            <\/div>\n            <\/a>          <\/div>\n         <\/div><div class=\"gallery-col col\" >\n          <div class=\"col-inner\">\n            <a class=\"image-lightbox lightbox-gallery\" href=\"https:\/\/rollfenmakina.com\/wp-content\/uploads\/2020\/08\/Ucar-Makas-1.jpg\" title=\"\">            <div class=\"box has-hover gallery-box box-overlay dark\">\n              <div class=\"box-image\" >\n                <img loading=\"lazy\" decoding=\"async\" width=\"500\" height=\"400\" src=\"https:\/\/rollfenmakina.com\/wp-content\/uploads\/2020\/08\/Ucar-Makas-1-500x400.jpg\" class=\"attachment-medium size-medium\" alt=\"\" ids=\"1139,1141,1112,1110,1108,1106,1102,1100,1097,1095,1093,1091\" srcset=\"https:\/\/rollfenmakina.com\/wp-content\/uploads\/2020\/08\/Ucar-Makas-1-500x400.jpg 500w, https:\/\/rollfenmakina.com\/wp-content\/uploads\/2020\/08\/Ucar-Makas-1-768x614.jpg 768w, https:\/\/rollfenmakina.com\/wp-content\/uploads\/2020\/08\/Ucar-Makas-1-600x480.jpg 600w, https:\/\/rollfenmakina.com\/wp-content\/uploads\/2020\/08\/Ucar-Makas-1.jpg 1000w\" sizes=\"(max-width: 500px) 100vw, 500px\" \/>                                  <div class=\"overlay fill\"\n                      style=\"background-color: rgba(0,0,0,.15)\">\n                  <\/div>\n                                                              <\/div>\n              <div class=\"box-text text-left\" >\n                 <p><\/p>\n              <\/div>\n            <\/div>\n            <\/a>          <\/div>\n         <\/div><div class=\"gallery-col col\" >\n          <div class=\"col-inner\">\n            <a class=\"image-lightbox lightbox-gallery\" href=\"https:\/\/rollfenmakina.com\/wp-content\/uploads\/2020\/08\/Rulo-Acici-2.jpg\" title=\"\">            <div class=\"box has-hover gallery-box box-overlay dark\">\n              <div class=\"box-image\" >\n                <img loading=\"lazy\" decoding=\"async\" width=\"500\" height=\"400\" src=\"https:\/\/rollfenmakina.com\/wp-content\/uploads\/2020\/08\/Rulo-Acici-2-500x400.jpg\" class=\"attachment-medium size-medium\" alt=\"\" ids=\"1139,1141,1112,1110,1108,1106,1102,1100,1097,1095,1093,1091\" srcset=\"https:\/\/rollfenmakina.com\/wp-content\/uploads\/2020\/08\/Rulo-Acici-2-500x400.jpg 500w, https:\/\/rollfenmakina.com\/wp-content\/uploads\/2020\/08\/Rulo-Acici-2-768x614.jpg 768w, https:\/\/rollfenmakina.com\/wp-content\/uploads\/2020\/08\/Rulo-Acici-2-600x480.jpg 600w, https:\/\/rollfenmakina.com\/wp-content\/uploads\/2020\/08\/Rulo-Acici-2.jpg 1000w\" sizes=\"(max-width: 500px) 100vw, 500px\" \/>                                  <div class=\"overlay fill\"\n                      style=\"background-color: rgba(0,0,0,.15)\">\n                  <\/div>\n                                                              <\/div>\n              <div class=\"box-text text-left\" >\n                 <p><\/p>\n              <\/div>\n            <\/div>\n            <\/a>          <\/div>\n         <\/div><div class=\"gallery-col col\" >\n          <div class=\"col-inner\">\n            <a class=\"image-lightbox lightbox-gallery\" href=\"https:\/\/rollfenmakina.com\/wp-content\/uploads\/2020\/08\/Rollform-1.jpg\" title=\"\">            <div class=\"box has-hover gallery-box box-overlay dark\">\n              <div class=\"box-image\" >\n                <img loading=\"lazy\" decoding=\"async\" width=\"500\" height=\"400\" src=\"https:\/\/rollfenmakina.com\/wp-content\/uploads\/2020\/08\/Rollform-1-500x400.jpg\" class=\"attachment-medium size-medium\" alt=\"\" ids=\"1139,1141,1112,1110,1108,1106,1102,1100,1097,1095,1093,1091\" srcset=\"https:\/\/rollfenmakina.com\/wp-content\/uploads\/2020\/08\/Rollform-1-500x400.jpg 500w, https:\/\/rollfenmakina.com\/wp-content\/uploads\/2020\/08\/Rollform-1-768x614.jpg 768w, https:\/\/rollfenmakina.com\/wp-content\/uploads\/2020\/08\/Rollform-1-600x480.jpg 600w, https:\/\/rollfenmakina.com\/wp-content\/uploads\/2020\/08\/Rollform-1.jpg 1000w\" sizes=\"(max-width: 500px) 100vw, 500px\" \/>                                  <div class=\"overlay fill\"\n                      style=\"background-color: rgba(0,0,0,.15)\">\n                  <\/div>\n                                                              <\/div>\n              <div class=\"box-text text-left\" >\n                 <p><\/p>\n              <\/div>\n            <\/div>\n            <\/a>          <\/div>\n         <\/div><div class=\"gallery-col col\" >\n          <div class=\"col-inner\">\n            <a class=\"image-lightbox lightbox-gallery\" href=\"https:\/\/rollfenmakina.com\/wp-content\/uploads\/2020\/08\/PLC-Ekran.jpg\" title=\"\">            <div class=\"box has-hover gallery-box box-overlay dark\">\n              <div class=\"box-image\" >\n                <img loading=\"lazy\" decoding=\"async\" width=\"500\" height=\"400\" src=\"https:\/\/rollfenmakina.com\/wp-content\/uploads\/2020\/08\/PLC-Ekran-500x400.jpg\" class=\"attachment-medium size-medium\" alt=\"\" ids=\"1139,1141,1112,1110,1108,1106,1102,1100,1097,1095,1093,1091\" srcset=\"https:\/\/rollfenmakina.com\/wp-content\/uploads\/2020\/08\/PLC-Ekran-500x400.jpg 500w, https:\/\/rollfenmakina.com\/wp-content\/uploads\/2020\/08\/PLC-Ekran-768x614.jpg 768w, https:\/\/rollfenmakina.com\/wp-content\/uploads\/2020\/08\/PLC-Ekran-600x480.jpg 600w, https:\/\/rollfenmakina.com\/wp-content\/uploads\/2020\/08\/PLC-Ekran.jpg 1000w\" sizes=\"(max-width: 500px) 100vw, 500px\" \/>                                  <div class=\"overlay fill\"\n                      style=\"background-color: rgba(0,0,0,.15)\">\n                  <\/div>\n                                                              <\/div>\n              <div class=\"box-text text-left\" >\n                 <p><\/p>\n              <\/div>\n            <\/div>\n            <\/a>          <\/div>\n         <\/div><\/div>\n","protected":false},"excerpt":{"rendered":"<p>youtube channel photographs<\/p>\n","protected":false},"author":1,"featured_media":0,"parent":0,"menu_order":0,"comment_status":"closed","ping_status":"closed","template":"","meta":{"footnotes":""},"_links":{"self":[{"href":"https:\/\/rollfenmakina.com\/en\/wp-json\/wp\/v2\/pages\/565"}],"collection":[{"href":"https:\/\/rollfenmakina.com\/en\/wp-json\/wp\/v2\/pages"}],"about":[{"href":"https:\/\/rollfenmakina.com\/en\/wp-json\/wp\/v2\/types\/page"}],"author":[{"embeddable":true,"href":"https:\/\/rollfenmakina.com\/en\/wp-json\/wp\/v2\/users\/1"}],"replies":[{"embeddable":true,"href":"https:\/\/rollfenmakina.com\/en\/wp-json\/wp\/v2\/comments?post=565"}],"version-history":[{"count":5,"href":"https:\/\/rollfenmakina.com\/en\/wp-json\/wp\/v2\/pages\/565\/revisions"}],"predecessor-version":[{"id":2004,"href":"https:\/\/rollfenmakina.com\/en\/wp-json\/wp\/v2\/pages\/565\/revisions\/2004"}],"wp:attachment":[{"href":"https:\/\/rollfenmakina.com\/en\/wp-json\/wp\/v2\/media?parent=565"}],"curies":[{"name":"wp","href":"https:\/\/api.w.org\/{rel}","templated":true}]}}