{"id":558,"date":"2020-08-25T14:27:31","date_gmt":"2020-08-25T11:27:31","guid":{"rendered":"http:\/\/rollfenmakina.com\/cnc-nc-hidrolik-abkant-pres\/"},"modified":"2020-12-17T17:14:08","modified_gmt":"2020-12-17T14:14:08","slug":"cnc-nc-hidrolik-abkant-pres","status":"publish","type":"page","link":"https:\/\/rollfenmakina.com\/en\/cnc-nc-hidrolik-abkant-pres\/","title":{"rendered":"CNC &#038; NC H\u0130DROL\u0130K ABKANT PRES"},"content":{"rendered":"<p><strong>GENEL \u00d6ZELL\u0130KLER<\/strong><\/p>\n<p><strong><em><u>Kapasite<\/u><\/em><\/strong><\/p>\n<ul>\n<li><strong>B\u00fckme boyu<\/strong>&#8211; 1250 mm<\/li>\n<li><strong>B\u00fckme kuvveti<\/strong>: 30 \u2013 40 ton<\/li>\n<li><strong>B\u00fckme kal\u0131nl\u0131\u011f<\/strong>\u0131: 3 \u2013 4 mm (max)<\/li>\n<\/ul>\n<p><strong><u>Konstr\u00fcksiyon<\/u><\/strong><\/p>\n<ul>\n<li>Kaynakl\u0131 \u00e7elik konstr\u00fcksiyon g\u00f6vde<\/li>\n<li>Hassa i\u015flenmi\u015f -uzun k\u0131zak boylar\u0131<\/li>\n<li>Ekpoksi bazl\u0131 AKZO boya<\/li>\n<li>Hassas arka dayama \u00fcnitesi<\/li>\n<\/ul>\n<p><strong><u>Hidrolik<\/u><\/strong><\/p>\n<ul>\n<li>Hoerbiger (Germany)\u00a0\u00f6n dolum ve oransal valfler<\/li>\n<li>\u0130talyan \/Alman mal\u0131 kabul g\u00f6rm\u00fc\u015f hidrolik pompa<\/li>\n<li>\u00c7ift silindirli hidrolik \u00fcnite<\/li>\n<\/ul>\n<p><strong>Elektrik-Kontrol<\/strong><\/p>\n<ul>\n<li><strong>CNC\u00a0 3-Eksen Kontrol<\/strong><\/li>\n<li><strong>ESA S 530\u00a0<\/strong>Dijital ekran kontrol \u00fcnitesi<\/li>\n<li><strong>X-Eksen\u00a0<\/strong>\/ Arka dayama kontrol\u00fc<\/li>\n<li><strong>Y1-Y2-Eksen<\/strong>kontrol\u00fc (b\u00fckme a\u00e7\u0131s\u0131 kontrol)<\/li>\n<li>\u0130stenen de\u011ferlerde b\u00fckme a\u00e7\u0131s\u0131 veri giri\u015fi<\/li>\n<li>SIEMENS\/MOELLER\/TELEMECHANIQUE Elektrik malzemeleri<\/li>\n<li>Elektrik motoru YILMAZ \/GAMAK<\/li>\n<\/ul>\n<p><strong><u>Aksesuar<\/u><\/strong><\/p>\n<ul>\n<li>Par\u00e7al\u0131 \u00fcst kal\u0131p -yekpare alt kal\u0131p<\/li>\n<li>Ayak Pedal\u0131<\/li>\n<li>Y\u00fcksek hassasiyetli do\u011frusal cetvel<\/li>\n<\/ul>\n<p><strong>OPS\u0130YONEL \u00d6ZELL\u0130KLER<\/strong><\/p>\n<ul>\n<li><strong>Operat\u00f6r emniyet bariyeri<\/strong>(SICK, NOUVA, FIESLER)<\/li>\n<li><strong>R eksen kontrol\u00fc<\/strong>(Servo ya da AC Motorlu se\u00e7enekleri ile)<\/li>\n<li><strong>\u00d6zel \u00fcretim<\/strong>alt ve \u00fcst kal\u0131p<\/li>\n<li><strong>Promecam<\/strong>\u00fcst kal\u0131p tutucu<\/li>\n<li>Alt kal\u0131p tutucu U kanal<\/li>\n<li>\u00d6n sac destek kollar\u0131<\/li>\n<li><strong>CE sertifikas\u0131<\/strong><\/li>\n<li><strong>\u200bHidrolik tank i\u00e7in hava so\u011futucu \u00fcnitesi<\/strong><\/li>\n<li><strong>Kontrol \u00fcniteleri:<\/strong>ESA S 630, Delem DA 52,\u00a0Delem DA 54, Delem DA 56, Cybelec CYBtouch-8T-12T<\/li>\n<\/ul>\n\n","protected":false},"excerpt":{"rendered":"<p>GENEL \u00d6ZELL\u0130KLER Kapasite B\u00fckme boyu&#8211; 1250 mm B\u00fckme kuvveti: 30 \u2013 40 ton B\u00fckme kal\u0131nl\u0131\u011f\u0131: 3 \u2013 4 mm (max) Konstr\u00fcksiyon Kaynakl\u0131 \u00e7elik konstr\u00fcksiyon g\u00f6vde Hassa i\u015flenmi\u015f -uzun k\u0131zak boylar\u0131 Ekpoksi bazl\u0131 AKZO boya Hassas arka dayama \u00fcnitesi Hidrolik Hoerbiger (Germany)\u00a0\u00f6n dolum ve oransal valfler \u0130talyan \/Alman mal\u0131 kabul g\u00f6rm\u00fc\u015f hidrolik pompa \u00c7ift silindirli hidrolik [&#8230;]\n","protected":false},"author":1,"featured_media":0,"parent":0,"menu_order":0,"comment_status":"closed","ping_status":"closed","template":"","meta":{"footnotes":""},"_links":{"self":[{"href":"https:\/\/rollfenmakina.com\/en\/wp-json\/wp\/v2\/pages\/558"}],"collection":[{"href":"https:\/\/rollfenmakina.com\/en\/wp-json\/wp\/v2\/pages"}],"about":[{"href":"https:\/\/rollfenmakina.com\/en\/wp-json\/wp\/v2\/types\/page"}],"author":[{"embeddable":true,"href":"https:\/\/rollfenmakina.com\/en\/wp-json\/wp\/v2\/users\/1"}],"replies":[{"embeddable":true,"href":"https:\/\/rollfenmakina.com\/en\/wp-json\/wp\/v2\/comments?post=558"}],"version-history":[{"count":2,"href":"https:\/\/rollfenmakina.com\/en\/wp-json\/wp\/v2\/pages\/558\/revisions"}],"predecessor-version":[{"id":882,"href":"https:\/\/rollfenmakina.com\/en\/wp-json\/wp\/v2\/pages\/558\/revisions\/882"}],"wp:attachment":[{"href":"https:\/\/rollfenmakina.com\/en\/wp-json\/wp\/v2\/media?parent=558"}],"curies":[{"name":"wp","href":"https:\/\/api.w.org\/{rel}","templated":true}]}}