{"id":557,"date":"2020-08-31T14:50:47","date_gmt":"2020-08-31T11:50:47","guid":{"rendered":"http:\/\/rollfenmakina.com\/urunler\/"},"modified":"2020-09-08T17:36:19","modified_gmt":"2020-09-08T14:36:19","slug":"products","status":"publish","type":"page","link":"https:\/\/rollfenmakina.com\/en\/products\/","title":{"rendered":"Product"},"content":{"rendered":"<div class=\"container section-title-container\" ><h3 class=\"section-title section-title-normal\"><b><\/b><span class=\"section-title-main\" >Product<\/span><b><\/b><\/h3><\/div>\n\n  \n    <div class=\"row large-columns-4 medium-columns-3 small-columns-2 row-small slider row-slider slider-nav-reveal slider-nav-push\"  data-flickity-options='{\"imagesLoaded\": true, \"groupCells\": \"100%\", \"dragThreshold\" : 5, \"cellAlign\": \"left\",\"wrapAround\": true,\"prevNextButtons\": true,\"percentPosition\": true,\"pageDots\": false, \"rightToLeft\": false, \"autoPlay\" : false}'>\n\n  \t\n\t     <div class=\"product-small col has-hover product type-product post-2054 status-publish first instock product_cat-profile-punching-line has-post-thumbnail shipping-taxable product-type-simple\">\n\t<div class=\"col-inner\">\n\t\n<div class=\"badge-container absolute left top z-1\">\n\n<\/div>\n\t<div class=\"product-small box \">\n\t\t<div class=\"box-image\">\n\t\t\t<div class=\"image-fade_in_back\">\n\t\t\t\t<a href=\"https:\/\/rollfenmakina.com\/urun\/profile-punching-line\/\" aria-label=\"PROFILE PUNCHING LINE\">\n\t\t\t\t\t<img loading=\"lazy\" decoding=\"async\" width=\"300\" height=\"300\" src=\"https:\/\/rollfenmakina.com\/wp-content\/uploads\/2024\/08\/profil-delme-makinasi-ESKI-LOGO-RENDER-e1724420514763-300x300.webp\" class=\"attachment-woocommerce_thumbnail size-woocommerce_thumbnail\" alt=\"\" srcset=\"https:\/\/rollfenmakina.com\/wp-content\/uploads\/2024\/08\/profil-delme-makinasi-ESKI-LOGO-RENDER-e1724420514763-300x300.webp 300w, https:\/\/rollfenmakina.com\/wp-content\/uploads\/2024\/08\/profil-delme-makinasi-ESKI-LOGO-RENDER-e1724420514763-280x280.webp 280w, https:\/\/rollfenmakina.com\/wp-content\/uploads\/2024\/08\/profil-delme-makinasi-ESKI-LOGO-RENDER-e1724420514763-100x100.webp 100w\" sizes=\"(max-width: 300px) 100vw, 300px\" \/>\t\t\t\t<\/a>\n\t\t\t<\/div>\n\t\t\t<div class=\"image-tools is-small top right show-on-hover\">\n\t\t\t\t\t\t\t<\/div>\n\t\t\t<div class=\"image-tools is-small hide-for-small bottom left show-on-hover\">\n\t\t\t\t\t\t\t<\/div>\n\t\t\t<div class=\"image-tools grid-tools text-center hide-for-small bottom hover-slide-in show-on-hover\">\n\t\t\t\t  <a class=\"quick-view\" data-prod=\"2054\" href=\"#quick-view\">Quick View<\/a>\t\t\t<\/div>\n\t\t\t\t\t<\/div>\n\n\t\t<div class=\"box-text box-text-products\">\n\t\t\t<div class=\"title-wrapper\">\t\t<p class=\"category uppercase is-smaller no-text-overflow product-cat op-7\">\n\t\t\tProfile Punching Line\t\t<\/p>\n\t<p class=\"name product-title woocommerce-loop-product__title\"><a href=\"https:\/\/rollfenmakina.com\/urun\/profile-punching-line\/\" class=\"woocommerce-LoopProduct-link woocommerce-loop-product__link\">PROFILE PUNCHING LINE<\/a><\/p><\/div><div class=\"price-wrapper\">\n<\/div>\t\t<\/div>\n\t<\/div>\n\t\t<\/div>\n<\/div><div class=\"product-small col has-hover product type-product post-2047 status-publish instock product_cat-profil-delme-hatti has-post-thumbnail shipping-taxable product-type-simple\">\n\t<div class=\"col-inner\">\n\t\n<div class=\"badge-container absolute left top z-1\">\n\n<\/div>\n\t<div class=\"product-small box \">\n\t\t<div class=\"box-image\">\n\t\t\t<div class=\"image-fade_in_back\">\n\t\t\t\t<a href=\"https:\/\/rollfenmakina.com\/urun\/profil-delme-hatti\/\" aria-label=\"PROF\u0130L DELME HATTI\">\n\t\t\t\t\t<img loading=\"lazy\" decoding=\"async\" width=\"300\" height=\"300\" src=\"https:\/\/rollfenmakina.com\/wp-content\/uploads\/2024\/08\/profil-delme-makinasi-ESKI-LOGO-RENDER-e1724420514763-300x300.webp\" class=\"attachment-woocommerce_thumbnail size-woocommerce_thumbnail\" alt=\"\" srcset=\"https:\/\/rollfenmakina.com\/wp-content\/uploads\/2024\/08\/profil-delme-makinasi-ESKI-LOGO-RENDER-e1724420514763-300x300.webp 300w, https:\/\/rollfenmakina.com\/wp-content\/uploads\/2024\/08\/profil-delme-makinasi-ESKI-LOGO-RENDER-e1724420514763-280x280.webp 280w, https:\/\/rollfenmakina.com\/wp-content\/uploads\/2024\/08\/profil-delme-makinasi-ESKI-LOGO-RENDER-e1724420514763-100x100.webp 100w\" sizes=\"(max-width: 300px) 100vw, 300px\" \/>\t\t\t\t<\/a>\n\t\t\t<\/div>\n\t\t\t<div class=\"image-tools is-small top right show-on-hover\">\n\t\t\t\t\t\t\t<\/div>\n\t\t\t<div class=\"image-tools is-small hide-for-small bottom left show-on-hover\">\n\t\t\t\t\t\t\t<\/div>\n\t\t\t<div class=\"image-tools grid-tools text-center hide-for-small bottom hover-slide-in show-on-hover\">\n\t\t\t\t  <a class=\"quick-view\" data-prod=\"2047\" href=\"#quick-view\">Quick View<\/a>\t\t\t<\/div>\n\t\t\t\t\t<\/div>\n\n\t\t<div class=\"box-text box-text-products\">\n\t\t\t<div class=\"title-wrapper\">\t\t<p class=\"category uppercase is-smaller no-text-overflow product-cat op-7\">\n\t\t\tProfil Delme Hatt\u0131\t\t<\/p>\n\t<p class=\"name product-title woocommerce-loop-product__title\"><a href=\"https:\/\/rollfenmakina.com\/urun\/profil-delme-hatti\/\" class=\"woocommerce-LoopProduct-link woocommerce-loop-product__link\">PROF\u0130L DELME HATTI<\/a><\/p><\/div><div class=\"price-wrapper\">\n<\/div>\t\t<\/div>\n\t<\/div>\n\t\t<\/div>\n<\/div><div class=\"product-small col has-hover product type-product post-1948 status-publish last instock product_cat-alcipan-profilleri-uretim-hatti has-post-thumbnail shipping-taxable product-type-simple\">\n\t<div class=\"col-inner\">\n\t\n<div class=\"badge-container absolute left top z-1\">\n\n<\/div>\n\t<div class=\"product-small box \">\n\t\t<div class=\"box-image\">\n\t\t\t<div class=\"image-fade_in_back\">\n\t\t\t\t<a href=\"https:\/\/rollfenmakina.com\/urun\/kablo-papucu-uretim-hatti\/\" aria-label=\"KABLO PAPUCU \u00dcRET\u0130M HATTI\">\n\t\t\t\t\t<img loading=\"lazy\" decoding=\"async\" width=\"300\" height=\"300\" src=\"https:\/\/rollfenmakina.com\/wp-content\/uploads\/2024\/05\/KABLO-PABUCU-ANA-MONTAJ-300x300.png\" class=\"attachment-woocommerce_thumbnail size-woocommerce_thumbnail\" alt=\"\" srcset=\"https:\/\/rollfenmakina.com\/wp-content\/uploads\/2024\/05\/KABLO-PABUCU-ANA-MONTAJ-300x300.png 300w, https:\/\/rollfenmakina.com\/wp-content\/uploads\/2024\/05\/KABLO-PABUCU-ANA-MONTAJ-280x280.png 280w, https:\/\/rollfenmakina.com\/wp-content\/uploads\/2024\/05\/KABLO-PABUCU-ANA-MONTAJ-100x100.png 100w\" sizes=\"(max-width: 300px) 100vw, 300px\" \/><img loading=\"lazy\" decoding=\"async\" width=\"300\" height=\"300\" src=\"https:\/\/rollfenmakina.com\/wp-content\/uploads\/2024\/05\/Cable-lug-CL-Photoroom-300x300.png\" class=\"show-on-hover absolute fill hide-for-small back-image\" alt=\"\" srcset=\"https:\/\/rollfenmakina.com\/wp-content\/uploads\/2024\/05\/Cable-lug-CL-Photoroom-300x300.png 300w, https:\/\/rollfenmakina.com\/wp-content\/uploads\/2024\/05\/Cable-lug-CL-Photoroom-280x280.png 280w, https:\/\/rollfenmakina.com\/wp-content\/uploads\/2024\/05\/Cable-lug-CL-Photoroom-100x100.png 100w\" sizes=\"(max-width: 300px) 100vw, 300px\" \/>\t\t\t\t<\/a>\n\t\t\t<\/div>\n\t\t\t<div class=\"image-tools is-small top right show-on-hover\">\n\t\t\t\t\t\t\t<\/div>\n\t\t\t<div class=\"image-tools is-small hide-for-small bottom left show-on-hover\">\n\t\t\t\t\t\t\t<\/div>\n\t\t\t<div class=\"image-tools grid-tools text-center hide-for-small bottom hover-slide-in show-on-hover\">\n\t\t\t\t  <a class=\"quick-view\" data-prod=\"1948\" href=\"#quick-view\">Quick View<\/a>\t\t\t<\/div>\n\t\t\t\t\t<\/div>\n\n\t\t<div class=\"box-text box-text-products\">\n\t\t\t<div class=\"title-wrapper\">\t\t<p class=\"category uppercase is-smaller no-text-overflow product-cat op-7\">\n\t\t\tAl\u00e7\u0131pan Profilleri \u00dcretim Hatt\u0131\t\t<\/p>\n\t<p class=\"name product-title woocommerce-loop-product__title\"><a href=\"https:\/\/rollfenmakina.com\/urun\/kablo-papucu-uretim-hatti\/\" class=\"woocommerce-LoopProduct-link woocommerce-loop-product__link\">KABLO PAPUCU \u00dcRET\u0130M HATTI<\/a><\/p><\/div><div class=\"price-wrapper\">\n<\/div>\t\t<\/div>\n\t<\/div>\n\t\t<\/div>\n<\/div><div class=\"product-small col has-hover product type-product post-1949 status-publish first instock product_cat-alcipan-profilleri-uretim-hatti-en has-post-thumbnail shipping-taxable product-type-simple\">\n\t<div class=\"col-inner\">\n\t\n<div class=\"badge-container absolute left top z-1\">\n\n<\/div>\n\t<div class=\"product-small box \">\n\t\t<div class=\"box-image\">\n\t\t\t<div class=\"image-fade_in_back\">\n\t\t\t\t<a href=\"https:\/\/rollfenmakina.com\/en\/urun\/production-line-for-cable-lug\/\" aria-label=\"PRODUCTION LINE FOR CABLE LUG\">\n\t\t\t\t\t<img loading=\"lazy\" decoding=\"async\" width=\"300\" height=\"300\" src=\"https:\/\/rollfenmakina.com\/wp-content\/uploads\/2024\/05\/KABLO-PABUCU-ANA-MONTAJ-300x300.png\" class=\"attachment-woocommerce_thumbnail size-woocommerce_thumbnail\" alt=\"\" srcset=\"https:\/\/rollfenmakina.com\/wp-content\/uploads\/2024\/05\/KABLO-PABUCU-ANA-MONTAJ-300x300.png 300w, https:\/\/rollfenmakina.com\/wp-content\/uploads\/2024\/05\/KABLO-PABUCU-ANA-MONTAJ-280x280.png 280w, https:\/\/rollfenmakina.com\/wp-content\/uploads\/2024\/05\/KABLO-PABUCU-ANA-MONTAJ-100x100.png 100w\" sizes=\"(max-width: 300px) 100vw, 300px\" \/><img loading=\"lazy\" decoding=\"async\" width=\"300\" height=\"300\" src=\"https:\/\/rollfenmakina.com\/wp-content\/uploads\/2024\/05\/Cable-lug-CL-Photoroom-300x300.png\" class=\"show-on-hover absolute fill hide-for-small back-image\" alt=\"\" srcset=\"https:\/\/rollfenmakina.com\/wp-content\/uploads\/2024\/05\/Cable-lug-CL-Photoroom-300x300.png 300w, https:\/\/rollfenmakina.com\/wp-content\/uploads\/2024\/05\/Cable-lug-CL-Photoroom-280x280.png 280w, https:\/\/rollfenmakina.com\/wp-content\/uploads\/2024\/05\/Cable-lug-CL-Photoroom-100x100.png 100w\" sizes=\"(max-width: 300px) 100vw, 300px\" \/>\t\t\t\t<\/a>\n\t\t\t<\/div>\n\t\t\t<div class=\"image-tools is-small top right show-on-hover\">\n\t\t\t\t\t\t\t<\/div>\n\t\t\t<div class=\"image-tools is-small hide-for-small bottom left show-on-hover\">\n\t\t\t\t\t\t\t<\/div>\n\t\t\t<div class=\"image-tools grid-tools text-center hide-for-small bottom hover-slide-in show-on-hover\">\n\t\t\t\t  <a class=\"quick-view\" data-prod=\"1949\" href=\"#quick-view\">Quick View<\/a>\t\t\t<\/div>\n\t\t\t\t\t<\/div>\n\n\t\t<div class=\"box-text box-text-products\">\n\t\t\t<div class=\"title-wrapper\">\t\t<p class=\"category uppercase is-smaller no-text-overflow product-cat op-7\">\n\t\t\tAl\u00e7\u0131pan Profilleri \u00dcretim Hatt\u0131\t\t<\/p>\n\t<p class=\"name product-title woocommerce-loop-product__title\"><a href=\"https:\/\/rollfenmakina.com\/en\/urun\/production-line-for-cable-lug\/\" class=\"woocommerce-LoopProduct-link woocommerce-loop-product__link\">PRODUCTION LINE FOR CABLE LUG<\/a><\/p><\/div><div class=\"price-wrapper\">\n<\/div>\t\t<\/div>\n\t<\/div>\n\t\t<\/div>\n<\/div><div class=\"product-small col has-hover product type-product post-1748 status-publish instock product_cat-alcipan-profilleri-uretim-hatti has-post-thumbnail shipping-taxable product-type-simple\">\n\t<div class=\"col-inner\">\n\t\n<div class=\"badge-container absolute left top z-1\">\n\n<\/div>\n\t<div class=\"product-small box \">\n\t\t<div class=\"box-image\">\n\t\t\t<div class=\"image-fade_in_back\">\n\t\t\t\t<a href=\"https:\/\/rollfenmakina.com\/urun\/alcipan-profilleri-paketleme-hatti\/\" aria-label=\"AL\u00c7IPAN PROF\u0130LLER\u0130 TAM OTOMAT\u0130K PAKETLEME HATTI\">\n\t\t\t\t\t<img loading=\"lazy\" decoding=\"async\" width=\"300\" height=\"300\" src=\"https:\/\/rollfenmakina.com\/wp-content\/uploads\/2023\/05\/APHP-1-1-300x300.png\" class=\"attachment-woocommerce_thumbnail size-woocommerce_thumbnail\" alt=\"\" srcset=\"https:\/\/rollfenmakina.com\/wp-content\/uploads\/2023\/05\/APHP-1-1-300x300.png 300w, https:\/\/rollfenmakina.com\/wp-content\/uploads\/2023\/05\/APHP-1-1-280x280.png 280w, https:\/\/rollfenmakina.com\/wp-content\/uploads\/2023\/05\/APHP-1-1-100x100.png 100w\" sizes=\"(max-width: 300px) 100vw, 300px\" \/><img loading=\"lazy\" decoding=\"async\" width=\"300\" height=\"300\" src=\"https:\/\/rollfenmakina.com\/wp-content\/uploads\/2023\/05\/Paletleyici-APHP-tr-2-300x300.png\" class=\"show-on-hover absolute fill hide-for-small back-image\" alt=\"\" srcset=\"https:\/\/rollfenmakina.com\/wp-content\/uploads\/2023\/05\/Paletleyici-APHP-tr-2-300x300.png 300w, https:\/\/rollfenmakina.com\/wp-content\/uploads\/2023\/05\/Paletleyici-APHP-tr-2-400x400.png 400w, https:\/\/rollfenmakina.com\/wp-content\/uploads\/2023\/05\/Paletleyici-APHP-tr-2-800x800.png 800w, https:\/\/rollfenmakina.com\/wp-content\/uploads\/2023\/05\/Paletleyici-APHP-tr-2-280x280.png 280w, https:\/\/rollfenmakina.com\/wp-content\/uploads\/2023\/05\/Paletleyici-APHP-tr-2-768x768.png 768w, https:\/\/rollfenmakina.com\/wp-content\/uploads\/2023\/05\/Paletleyici-APHP-tr-2-600x600.png 600w, https:\/\/rollfenmakina.com\/wp-content\/uploads\/2023\/05\/Paletleyici-APHP-tr-2-100x100.png 100w, https:\/\/rollfenmakina.com\/wp-content\/uploads\/2023\/05\/Paletleyici-APHP-tr-2.png 1080w\" sizes=\"(max-width: 300px) 100vw, 300px\" \/>\t\t\t\t<\/a>\n\t\t\t<\/div>\n\t\t\t<div class=\"image-tools is-small top right show-on-hover\">\n\t\t\t\t\t\t\t<\/div>\n\t\t\t<div class=\"image-tools is-small hide-for-small bottom left show-on-hover\">\n\t\t\t\t\t\t\t<\/div>\n\t\t\t<div class=\"image-tools grid-tools text-center hide-for-small bottom hover-slide-in show-on-hover\">\n\t\t\t\t  <a class=\"quick-view\" data-prod=\"1748\" href=\"#quick-view\">Quick View<\/a>\t\t\t<\/div>\n\t\t\t\t\t<\/div>\n\n\t\t<div class=\"box-text box-text-products\">\n\t\t\t<div class=\"title-wrapper\">\t\t<p class=\"category uppercase is-smaller no-text-overflow product-cat op-7\">\n\t\t\tAl\u00e7\u0131pan Profilleri \u00dcretim Hatt\u0131\t\t<\/p>\n\t<p class=\"name product-title woocommerce-loop-product__title\"><a href=\"https:\/\/rollfenmakina.com\/urun\/alcipan-profilleri-paketleme-hatti\/\" class=\"woocommerce-LoopProduct-link woocommerce-loop-product__link\">AL\u00c7IPAN PROF\u0130LLER\u0130 TAM OTOMAT\u0130K PAKETLEME HATTI<\/a><\/p><\/div><div class=\"price-wrapper\">\n<\/div>\t\t<\/div>\n\t<\/div>\n\t\t<\/div>\n<\/div><div class=\"product-small col has-hover product type-product post-1749 status-publish last instock product_cat-alcipan-profilleri-uretim-hatti-en has-post-thumbnail shipping-taxable product-type-simple\">\n\t<div class=\"col-inner\">\n\t\n<div class=\"badge-container absolute left top z-1\">\n\n<\/div>\n\t<div class=\"product-small box \">\n\t\t<div class=\"box-image\">\n\t\t\t<div class=\"image-fade_in_back\">\n\t\t\t\t<a href=\"https:\/\/rollfenmakina.com\/en\/urun\/production-line-for-gypsumboard-profiles-kopya\/\" aria-label=\"PRODUCTION LINE FOR GYPSUM BOARD PROFILE WITH FULLY-AUTOMATIC PACKAGING\">\n\t\t\t\t\t<img loading=\"lazy\" decoding=\"async\" width=\"300\" height=\"300\" src=\"https:\/\/rollfenmakina.com\/wp-content\/uploads\/2023\/05\/APHP-1-1-300x300.png\" class=\"attachment-woocommerce_thumbnail size-woocommerce_thumbnail\" alt=\"\" srcset=\"https:\/\/rollfenmakina.com\/wp-content\/uploads\/2023\/05\/APHP-1-1-300x300.png 300w, https:\/\/rollfenmakina.com\/wp-content\/uploads\/2023\/05\/APHP-1-1-280x280.png 280w, https:\/\/rollfenmakina.com\/wp-content\/uploads\/2023\/05\/APHP-1-1-100x100.png 100w\" sizes=\"(max-width: 300px) 100vw, 300px\" \/><img loading=\"lazy\" decoding=\"async\" width=\"300\" height=\"300\" src=\"https:\/\/rollfenmakina.com\/wp-content\/uploads\/2023\/05\/Palletiser-APHP-eng-2-300x300.png\" class=\"show-on-hover absolute fill hide-for-small back-image\" alt=\"\" srcset=\"https:\/\/rollfenmakina.com\/wp-content\/uploads\/2023\/05\/Palletiser-APHP-eng-2-300x300.png 300w, https:\/\/rollfenmakina.com\/wp-content\/uploads\/2023\/05\/Palletiser-APHP-eng-2-400x400.png 400w, https:\/\/rollfenmakina.com\/wp-content\/uploads\/2023\/05\/Palletiser-APHP-eng-2-800x800.png 800w, https:\/\/rollfenmakina.com\/wp-content\/uploads\/2023\/05\/Palletiser-APHP-eng-2-280x280.png 280w, https:\/\/rollfenmakina.com\/wp-content\/uploads\/2023\/05\/Palletiser-APHP-eng-2-768x768.png 768w, https:\/\/rollfenmakina.com\/wp-content\/uploads\/2023\/05\/Palletiser-APHP-eng-2-600x600.png 600w, https:\/\/rollfenmakina.com\/wp-content\/uploads\/2023\/05\/Palletiser-APHP-eng-2-100x100.png 100w, https:\/\/rollfenmakina.com\/wp-content\/uploads\/2023\/05\/Palletiser-APHP-eng-2.png 1080w\" sizes=\"(max-width: 300px) 100vw, 300px\" \/>\t\t\t\t<\/a>\n\t\t\t<\/div>\n\t\t\t<div class=\"image-tools is-small top right show-on-hover\">\n\t\t\t\t\t\t\t<\/div>\n\t\t\t<div class=\"image-tools is-small hide-for-small bottom left show-on-hover\">\n\t\t\t\t\t\t\t<\/div>\n\t\t\t<div class=\"image-tools grid-tools text-center hide-for-small bottom hover-slide-in show-on-hover\">\n\t\t\t\t  <a class=\"quick-view\" data-prod=\"1749\" href=\"#quick-view\">Quick View<\/a>\t\t\t<\/div>\n\t\t\t\t\t<\/div>\n\n\t\t<div class=\"box-text box-text-products\">\n\t\t\t<div class=\"title-wrapper\">\t\t<p class=\"category uppercase is-smaller no-text-overflow product-cat op-7\">\n\t\t\tAl\u00e7\u0131pan Profilleri \u00dcretim Hatt\u0131\t\t<\/p>\n\t<p class=\"name product-title woocommerce-loop-product__title\"><a href=\"https:\/\/rollfenmakina.com\/en\/urun\/production-line-for-gypsumboard-profiles-kopya\/\" class=\"woocommerce-LoopProduct-link woocommerce-loop-product__link\">PRODUCTION LINE FOR GYPSUM BOARD PROFILE WITH FULLY-AUTOMATIC PACKAGING<\/a><\/p><\/div><div class=\"price-wrapper\">\n<\/div>\t\t<\/div>\n\t<\/div>\n\t\t<\/div>\n<\/div><div class=\"product-small col has-hover product type-product post-1039 status-publish first instock product_cat-alcipan-profilleri-uretim-hatti has-post-thumbnail shipping-taxable product-type-simple\">\n\t<div class=\"col-inner\">\n\t\n<div class=\"badge-container absolute left top z-1\">\n\n<\/div>\n\t<div class=\"product-small box \">\n\t\t<div class=\"box-image\">\n\t\t\t<div class=\"image-fade_in_back\">\n\t\t\t\t<a href=\"https:\/\/rollfenmakina.com\/urun\/alcipan-profil-aksesuarlari-uretim-hatti\/\" aria-label=\"AL\u00c7IPAN AKSESUAR PROF\u0130LLER\u0130 \u00dcRET\u0130M HATTI\">\n\t\t\t\t\t<img loading=\"lazy\" decoding=\"async\" width=\"300\" height=\"300\" src=\"https:\/\/rollfenmakina.com\/wp-content\/uploads\/2021\/05\/APAH-300x300.png\" class=\"attachment-woocommerce_thumbnail size-woocommerce_thumbnail\" alt=\"\" srcset=\"https:\/\/rollfenmakina.com\/wp-content\/uploads\/2021\/05\/APAH-300x300.png 300w, https:\/\/rollfenmakina.com\/wp-content\/uploads\/2021\/05\/APAH-280x280.png 280w, https:\/\/rollfenmakina.com\/wp-content\/uploads\/2021\/05\/APAH-100x100.png 100w\" sizes=\"(max-width: 300px) 100vw, 300px\" \/><img loading=\"lazy\" decoding=\"async\" width=\"300\" height=\"300\" src=\"https:\/\/rollfenmakina.com\/wp-content\/uploads\/2021\/05\/Conveyor-APAH-tr-300x300.png\" class=\"show-on-hover absolute fill hide-for-small back-image\" alt=\"\" srcset=\"https:\/\/rollfenmakina.com\/wp-content\/uploads\/2021\/05\/Conveyor-APAH-tr-300x300.png 300w, https:\/\/rollfenmakina.com\/wp-content\/uploads\/2021\/05\/Conveyor-APAH-tr-400x400.png 400w, https:\/\/rollfenmakina.com\/wp-content\/uploads\/2021\/05\/Conveyor-APAH-tr-800x800.png 800w, https:\/\/rollfenmakina.com\/wp-content\/uploads\/2021\/05\/Conveyor-APAH-tr-280x280.png 280w, https:\/\/rollfenmakina.com\/wp-content\/uploads\/2021\/05\/Conveyor-APAH-tr-768x768.png 768w, https:\/\/rollfenmakina.com\/wp-content\/uploads\/2021\/05\/Conveyor-APAH-tr-600x600.png 600w, https:\/\/rollfenmakina.com\/wp-content\/uploads\/2021\/05\/Conveyor-APAH-tr-100x100.png 100w, https:\/\/rollfenmakina.com\/wp-content\/uploads\/2021\/05\/Conveyor-APAH-tr.png 1080w\" sizes=\"(max-width: 300px) 100vw, 300px\" \/>\t\t\t\t<\/a>\n\t\t\t<\/div>\n\t\t\t<div class=\"image-tools is-small top right show-on-hover\">\n\t\t\t\t\t\t\t<\/div>\n\t\t\t<div class=\"image-tools is-small hide-for-small bottom left show-on-hover\">\n\t\t\t\t\t\t\t<\/div>\n\t\t\t<div class=\"image-tools grid-tools text-center hide-for-small bottom hover-slide-in show-on-hover\">\n\t\t\t\t  <a class=\"quick-view\" data-prod=\"1039\" href=\"#quick-view\">Quick View<\/a>\t\t\t<\/div>\n\t\t\t\t\t<\/div>\n\n\t\t<div class=\"box-text box-text-products\">\n\t\t\t<div class=\"title-wrapper\">\t\t<p class=\"category uppercase is-smaller no-text-overflow product-cat op-7\">\n\t\t\tAl\u00e7\u0131pan Profilleri \u00dcretim Hatt\u0131\t\t<\/p>\n\t<p class=\"name product-title woocommerce-loop-product__title\"><a href=\"https:\/\/rollfenmakina.com\/urun\/alcipan-profil-aksesuarlari-uretim-hatti\/\" class=\"woocommerce-LoopProduct-link woocommerce-loop-product__link\">AL\u00c7IPAN AKSESUAR PROF\u0130LLER\u0130 \u00dcRET\u0130M HATTI<\/a><\/p><\/div><div class=\"price-wrapper\">\n<\/div>\t\t<\/div>\n\t<\/div>\n\t\t<\/div>\n<\/div><div class=\"product-small col has-hover product type-product post-1040 status-publish instock product_cat-alcipan-profilleri-uretim-hatti-en has-post-thumbnail shipping-taxable product-type-simple\">\n\t<div class=\"col-inner\">\n\t\n<div class=\"badge-container absolute left top z-1\">\n\n<\/div>\n\t<div class=\"product-small box \">\n\t\t<div class=\"box-image\">\n\t\t\t<div class=\"image-fade_in_back\">\n\t\t\t\t<a href=\"https:\/\/rollfenmakina.com\/en\/urun\/production-line-for-gypsum-accessories\/\" aria-label=\"PRODUCTION LINE FOR GYPSUM BOARD PROFILE ACCESSORIES\">\n\t\t\t\t\t<img loading=\"lazy\" decoding=\"async\" width=\"300\" height=\"300\" src=\"https:\/\/rollfenmakina.com\/wp-content\/uploads\/2021\/05\/APAH-300x300.png\" class=\"attachment-woocommerce_thumbnail size-woocommerce_thumbnail\" alt=\"\" srcset=\"https:\/\/rollfenmakina.com\/wp-content\/uploads\/2021\/05\/APAH-300x300.png 300w, https:\/\/rollfenmakina.com\/wp-content\/uploads\/2021\/05\/APAH-280x280.png 280w, https:\/\/rollfenmakina.com\/wp-content\/uploads\/2021\/05\/APAH-100x100.png 100w\" sizes=\"(max-width: 300px) 100vw, 300px\" \/><img loading=\"lazy\" decoding=\"async\" width=\"300\" height=\"300\" src=\"https:\/\/rollfenmakina.com\/wp-content\/uploads\/2023\/05\/Conveyor-APAH-eng-300x300.png\" class=\"show-on-hover absolute fill hide-for-small back-image\" alt=\"\" srcset=\"https:\/\/rollfenmakina.com\/wp-content\/uploads\/2023\/05\/Conveyor-APAH-eng-300x300.png 300w, https:\/\/rollfenmakina.com\/wp-content\/uploads\/2023\/05\/Conveyor-APAH-eng-400x400.png 400w, https:\/\/rollfenmakina.com\/wp-content\/uploads\/2023\/05\/Conveyor-APAH-eng-800x800.png 800w, https:\/\/rollfenmakina.com\/wp-content\/uploads\/2023\/05\/Conveyor-APAH-eng-280x280.png 280w, https:\/\/rollfenmakina.com\/wp-content\/uploads\/2023\/05\/Conveyor-APAH-eng-768x768.png 768w, https:\/\/rollfenmakina.com\/wp-content\/uploads\/2023\/05\/Conveyor-APAH-eng-600x600.png 600w, https:\/\/rollfenmakina.com\/wp-content\/uploads\/2023\/05\/Conveyor-APAH-eng-100x100.png 100w, https:\/\/rollfenmakina.com\/wp-content\/uploads\/2023\/05\/Conveyor-APAH-eng.png 1080w\" sizes=\"(max-width: 300px) 100vw, 300px\" \/>\t\t\t\t<\/a>\n\t\t\t<\/div>\n\t\t\t<div class=\"image-tools is-small top right show-on-hover\">\n\t\t\t\t\t\t\t<\/div>\n\t\t\t<div class=\"image-tools is-small hide-for-small bottom left show-on-hover\">\n\t\t\t\t\t\t\t<\/div>\n\t\t\t<div class=\"image-tools grid-tools text-center hide-for-small bottom hover-slide-in show-on-hover\">\n\t\t\t\t  <a class=\"quick-view\" data-prod=\"1040\" href=\"#quick-view\">Quick View<\/a>\t\t\t<\/div>\n\t\t\t\t\t<\/div>\n\n\t\t<div class=\"box-text box-text-products\">\n\t\t\t<div class=\"title-wrapper\">\t\t<p class=\"category uppercase is-smaller no-text-overflow product-cat op-7\">\n\t\t\tAl\u00e7\u0131pan Profilleri \u00dcretim Hatt\u0131\t\t<\/p>\n\t<p class=\"name product-title woocommerce-loop-product__title\"><a href=\"https:\/\/rollfenmakina.com\/en\/urun\/production-line-for-gypsum-accessories\/\" class=\"woocommerce-LoopProduct-link woocommerce-loop-product__link\">PRODUCTION LINE FOR GYPSUM BOARD PROFILE ACCESSORIES<\/a><\/p><\/div><div class=\"price-wrapper\">\n<\/div>\t\t<\/div>\n\t<\/div>\n\t\t<\/div>\n<\/div><\/div>\n","protected":false},"excerpt":{"rendered":"","protected":false},"author":1,"featured_media":0,"parent":0,"menu_order":0,"comment_status":"closed","ping_status":"closed","template":"","meta":{"footnotes":""},"_links":{"self":[{"href":"https:\/\/rollfenmakina.com\/en\/wp-json\/wp\/v2\/pages\/557"}],"collection":[{"href":"https:\/\/rollfenmakina.com\/en\/wp-json\/wp\/v2\/pages"}],"about":[{"href":"https:\/\/rollfenmakina.com\/en\/wp-json\/wp\/v2\/types\/page"}],"author":[{"embeddable":true,"href":"https:\/\/rollfenmakina.com\/en\/wp-json\/wp\/v2\/users\/1"}],"replies":[{"embeddable":true,"href":"https:\/\/rollfenmakina.com\/en\/wp-json\/wp\/v2\/comments?post=557"}],"version-history":[{"count":2,"href":"https:\/\/rollfenmakina.com\/en\/wp-json\/wp\/v2\/pages\/557\/revisions"}],"predecessor-version":[{"id":703,"href":"https:\/\/rollfenmakina.com\/en\/wp-json\/wp\/v2\/pages\/557\/revisions\/703"}],"wp:attachment":[{"href":"https:\/\/rollfenmakina.com\/en\/wp-json\/wp\/v2\/media?parent=557"}],"curies":[{"name":"wp","href":"https:\/\/api.w.org\/{rel}","templated":true}]}}